{"id":222,"date":"2016-10-01T21:51:33","date_gmt":"2016-10-01T18:51:33","guid":{"rendered":"http:\/\/kuljuntausta.com\/?page_id=222"},"modified":"2016-10-05T20:48:30","modified_gmt":"2016-10-05T17:48:30","slug":"music-for-crane","status":"publish","type":"page","link":"http:\/\/kuljuntausta.com\/index.php\/music-for-crane\/","title":{"rendered":"Music for Crane, Drills, Electric Saw, Hammers and Passing Planes, Trucks, Cars and Trains"},"content":{"rendered":"<hr \/>\n<h1>Petri Kuljuntausta<\/h1>\n<h3><span style=\"font-size: large;\"><b>Music for crane, drills, electric saw, hammers and passing planes, trucks, cars and trains <\/b><\/span><\/h3>\n<h3><span style=\"font-size: large;\"><b>Musiikkia nostokurjelle, porille, s\u00e4hk\u00f6sahalle, vasaroille sek\u00e4 ohikulkeville lentokoneille, rekoille, autoille ja junille.<\/b><\/span><\/h3>\n<p>&nbsp;<\/p>\n<h5><span style=\"font-size: large;\"><b><br \/>\n<\/b><\/span>Instrumentaatio:<br \/>\nnostokurki, maansiirtokone (telaketjuilla), 1-4 s\u00e4hk\u00f6poraa (kukin poraa eri materiaalia), s\u00e4hk\u00f6saha, 1-3 vasaraa. Lis\u00e4ksi ohikulkevia ajoneuvoja, lentokone (yksi tai useampi), juna pilleineen (yksi tai useampi).<\/h5>\n<p>Teoksen toteutus tulee noudattaa p\u00e4\u00e4piirteiss\u00e4\u00e4n seuraavaa kuvausta, kuitenkin sovellettuna esitysymp\u00e4rist\u00f6n ja k\u00e4ytett\u00e4viss\u00e4 olevien v\u00e4lineiden pohjalta.<\/p>\n<dl>\n<dd>\n<h5>Esityspaikka on oikea ty\u00f6maa ja esiintyjin\u00e4 ovat ty\u00f6maalla ty\u00f6skentelev\u00e4t ty\u00f6miehet ty\u00f6kaluineen.<\/h5>\n<\/dd>\n<dd>\n<h5>Esiintyjien tulee tehd\u00e4 esityksen ajan normaalisti rakennusty\u00f6t\u00e4\u00e4n. Heid\u00e4n tulee keskitty\u00e4 ty\u00f6h\u00f6ns\u00e4, heid\u00e4n ei pid\u00e4 pyrki\u00e4 &#8216;yliesitt\u00e4m\u00e4\u00e4n&#8217;, vaan \u00e4\u00e4nien tulee synty\u00e4 normaalin ty\u00f6rytmin mukaisesti, heid\u00e4n tulee noudattaa normaalia ty\u00f6rytmi\u00e4 taukoineen. Ty\u00f6v\u00e4lineill\u00e4 ei tule tuottaa\u00a0 ty\u00f6skentelylle vierasta vuoropuhelua, \u00e4\u00e4nill\u00e4 ei tule tarkoituksellisesti vastata toisten tuottamiin \u00e4\u00e4niin.<\/h5>\n<\/dd>\n<dd>\n<h5>Nostokurjen tulee siirt\u00e4\u00e4 esityksen aikana kuormia alueen laidalta toiselle. V\u00e4lill\u00e4 nostokurki j\u00e4\u00e4 tyhj\u00e4k\u00e4ynnille, jolloin vasaroijien, poraajien ja naulaajien ty\u00f6skentely p\u00e4\u00e4see v\u00e4lill\u00e4 esiin.<\/h5>\n<\/dd>\n<dd>\n<h5>Esityksen aikana ty\u00f6m\u00e4\u00e4n ohi ajaa ajoneuvoja harvakseltaan, mieluiten kummaltakin puolen ty\u00f6maata. Kulkuneuvot ovat kuorma-autoja, henkil\u00f6autoja tai muita motorisoituja ajoneuvoja.<\/h5>\n<\/dd>\n<dd>\n<h5>Esityksen aikana ty\u00f6m\u00e4\u00e4n yli lent\u00e4\u00e4 lentokone, pitk\u00e4n esityksen aikana useampi.<\/h5>\n<\/dd>\n<dd>\n<h5>Esitys siirtyy loppuvaiheeseen kun nostokurki on siirt\u00e4nyt viimeisen kuormansa. Sen j\u00e4lkeen kuljettaja ajaa nostokurjen ty\u00f6maalta pois. Muut jatkavat ty\u00f6t\u00e4\u00e4n.<\/h5>\n<\/dd>\n<dd>\n<h5>Esiintyj\u00e4t lopettavat harvakseltaan \u00e4\u00e4nien tuottamisen. Lopuksi telaketjuilla kulkeva maansiirtokone l\u00e4htee liikkeelle ty\u00f6maan sivusta ja ajaa ty\u00f6maan poikki pois esityspaikalta. Kun sen \u00e4\u00e4net eiv\u00e4t en\u00e4\u00e4 kantaudu esityspaikalle, annetaan lopuksi ymp\u00e4rist\u00f6\u00e4\u00e4nien soida hetken aikaa kunnes esitys on p\u00e4\u00e4ttynyt.<\/h5>\n<p>&nbsp;<\/dd>\n<dd>\n<h5>Petri Kuljuntausta<\/h5>\n<\/dd>\n<dd>\n<h5>4.8.2004<\/h5>\n<\/dd>\n<\/dl>\n<hr \/>\n<p>Teos pohjautuu havaintoihin, joita tein er\u00e4\u00e4n ty\u00f6maan \u00e4\u00e4rell\u00e4 kes\u00e4ll\u00e4 2004. Nauhoitin kyseisen 20-30 minuuttia kest\u00e4neen tapahtuman, jossa toteutuivat kaikki edella kuvatut elementit. Ty\u00f6maan aktiviteettia kuunnellessani sain ajatuksen konserteista, joissa yleis\u00f6 ker\u00e4t\u00e4\u00e4n kuuntelemaan vastaavia ty\u00f6maa-ymp\u00e4rist\u00f6j\u00e4.<\/p>\n<p><\/p>","protected":false},"excerpt":{"rendered":"<p>Petri Kuljuntausta Music for crane, drills, electric saw, hammers and passing planes, trucks, cars and trains Musiikkia nostokurjelle, porille, s\u00e4hk\u00f6sahalle, vasaroille sek\u00e4 ohikulkeville lentokoneille, rekoille, autoille ja junille. &nbsp; Instrumentaatio: nostokurki, maansiirtokone (telaketjuilla), 1-4 s\u00e4hk\u00f6poraa (kukin poraa eri materiaalia), s\u00e4hk\u00f6saha, 1-3 vasaraa. Lis\u00e4ksi ohikulkevia ajoneuvoja, lentokone (yksi tai useampi), juna pilleineen (yksi tai useampi). Teoksen&hellip;<\/p>\n","protected":false},"author":1,"featured_media":0,"parent":0,"menu_order":0,"comment_status":"closed","ping_status":"closed","template":"","meta":{"spay_email":""},"yoast_head":"<!-- This site is optimized with the Yoast SEO plugin v15.4 - https:\/\/yoast.com\/wordpress\/plugins\/seo\/ -->\n<title>Music for Crane, Drills, Electric Saw, Hammers and Passing Planes, Trucks, Cars and Trains - Petri Kuljuntausta<\/title>\n<meta name=\"robots\" content=\"index, follow, max-snippet:-1, max-image-preview:large, max-video-preview:-1\" \/>\n<link rel=\"canonical\" href=\"http:\/\/kuljuntausta.com\/index.php\/music-for-crane\/\" \/>\n<meta property=\"og:locale\" content=\"en_GB\" \/>\n<meta property=\"og:type\" content=\"article\" \/>\n<meta property=\"og:title\" content=\"Music for Crane, Drills, Electric Saw, Hammers and Passing Planes, Trucks, Cars and Trains - Petri Kuljuntausta\" \/>\n<meta property=\"og:description\" content=\"Petri Kuljuntausta Music for crane, drills, electric saw, hammers and passing planes, trucks, cars and trains Musiikkia nostokurjelle, porille, s\u00e4hk\u00f6sahalle, vasaroille sek\u00e4 ohikulkeville lentokoneille, rekoille, autoille ja junille. &nbsp; Instrumentaatio: nostokurki, maansiirtokone (telaketjuilla), 1-4 s\u00e4hk\u00f6poraa (kukin poraa eri materiaalia), s\u00e4hk\u00f6saha, 1-3 vasaraa. Lis\u00e4ksi ohikulkevia ajoneuvoja, lentokone (yksi tai useampi), juna pilleineen (yksi tai useampi). Teoksen&hellip;\" \/>\n<meta property=\"og:url\" content=\"http:\/\/kuljuntausta.com\/index.php\/music-for-crane\/\" \/>\n<meta property=\"og:site_name\" content=\"Petri Kuljuntausta\" \/>\n<meta property=\"article:modified_time\" content=\"2016-10-05T17:48:30+00:00\" \/>\n<meta name=\"twitter:card\" content=\"summary\" \/>\n<meta name=\"twitter:label1\" content=\"Written by\">\n\t<meta name=\"twitter:data1\" content=\"PK13425-OVH\">\n\t<meta name=\"twitter:label2\" content=\"Estimated reading time\">\n\t<meta name=\"twitter:data2\" content=\"1 minute\">\n<script type=\"application\/ld+json\" class=\"yoast-schema-graph\">{\"@context\":\"https:\/\/schema.org\",\"@graph\":[{\"@type\":\"WebSite\",\"@id\":\"https:\/\/kuljuntausta.com\/#website\",\"url\":\"https:\/\/kuljuntausta.com\/\",\"name\":\"Petri Kuljuntausta\",\"description\":\"\",\"potentialAction\":[{\"@type\":\"SearchAction\",\"target\":\"https:\/\/kuljuntausta.com\/?s={search_term_string}\",\"query-input\":\"required name=search_term_string\"}],\"inLanguage\":\"en-GB\"},{\"@type\":\"WebPage\",\"@id\":\"http:\/\/kuljuntausta.com\/index.php\/music-for-crane\/#webpage\",\"url\":\"http:\/\/kuljuntausta.com\/index.php\/music-for-crane\/\",\"name\":\"Music for Crane, Drills, Electric Saw, Hammers and Passing Planes, Trucks, Cars and Trains - Petri Kuljuntausta\",\"isPartOf\":{\"@id\":\"https:\/\/kuljuntausta.com\/#website\"},\"datePublished\":\"2016-10-01T18:51:33+00:00\",\"dateModified\":\"2016-10-05T17:48:30+00:00\",\"inLanguage\":\"en-GB\",\"potentialAction\":[{\"@type\":\"ReadAction\",\"target\":[\"http:\/\/kuljuntausta.com\/index.php\/music-for-crane\/\"]}]}]}<\/script>\n<!-- \/ Yoast SEO plugin. -->","jetpack_sharing_enabled":true,"jetpack_shortlink":"https:\/\/wp.me\/P7UaIW-3A","_links":{"self":[{"href":"http:\/\/kuljuntausta.com\/index.php\/wp-json\/wp\/v2\/pages\/222"}],"collection":[{"href":"http:\/\/kuljuntausta.com\/index.php\/wp-json\/wp\/v2\/pages"}],"about":[{"href":"http:\/\/kuljuntausta.com\/index.php\/wp-json\/wp\/v2\/types\/page"}],"author":[{"embeddable":true,"href":"http:\/\/kuljuntausta.com\/index.php\/wp-json\/wp\/v2\/users\/1"}],"replies":[{"embeddable":true,"href":"http:\/\/kuljuntausta.com\/index.php\/wp-json\/wp\/v2\/comments?post=222"}],"version-history":[{"count":3,"href":"http:\/\/kuljuntausta.com\/index.php\/wp-json\/wp\/v2\/pages\/222\/revisions"}],"predecessor-version":[{"id":316,"href":"http:\/\/kuljuntausta.com\/index.php\/wp-json\/wp\/v2\/pages\/222\/revisions\/316"}],"wp:attachment":[{"href":"http:\/\/kuljuntausta.com\/index.php\/wp-json\/wp\/v2\/media?parent=222"}],"curies":[{"name":"wp","href":"https:\/\/api.w.org\/{rel}","templated":true}]}}