{"id":229,"date":"2016-10-01T23:04:30","date_gmt":"2016-10-01T20:04:30","guid":{"rendered":"http:\/\/kuljuntausta.com\/?page_id=229"},"modified":"2016-10-03T01:08:47","modified_gmt":"2016-10-02T22:08:47","slug":"halme-haastattelu","status":"publish","type":"page","link":"http:\/\/kuljuntausta.com\/index.php\/halme-haastattelu\/","title":{"rendered":"Halme-haastattelu"},"content":{"rendered":"<hr \/>\n<h1>Hepa Halme: Haastattelu uran alkuvaiheista<\/h1>\n<h3>23.11.2005<\/h3>\n<p>&nbsp;<\/p>\n<h5>Heikki &#8220;Hepa&#8221; Halme on haastatellut minua muutaman kerran koskien \u00c4\u00e4nen Lumon historiaa, jota h\u00e4n kirjoittaa. Vireill\u00e4 on \u00c4L:n 10-vuotishistoriikin julkaiseminen vuoden 2006 aikana. Siihen liittyen Halme halusi tiet\u00e4\u00e4 enemm\u00e4n toiminnastani ennen \u00c4L:n perustamista. Seuraava teksti on 23.11.2005 kirjoittamani vapaamuotoinen muistelu n\u00e4ist\u00e4 varhaisajoista.<\/h5>\n<hr \/>\n<h5><b>Hepa Halme: Haluaisin itse asiassa tiet\u00e4\u00e4 erityisesti sun uran alkuvaiheista (vuosilukutietojen kera). Se on mielenkiintoista ja t\u00e4rke\u00e4\u00e4, koska olet siin\u00e4 mieless\u00e4 v\u00e4h\u00e4n ep\u00e4tyypillinen, ett\u00e4 olet tavallaan old skool -hahmo mutta kuitenkin koko ajan tiukasti ajan hermolla. Historiasi kautta voisi tuoda esiin jotain laajempaa kaarta aikamme \u00e4\u00e4nimaailmasta.<\/b><\/h5>\n<p>&nbsp;<\/p>\n<h5>Petri Kuljuntausta: Alunperin seuraavaan kirjaani (<i>\u00c4\u00e4nen eXtreme<\/i>, Like 2006) oli tarkoitus tulla my\u00f6s tarinointia n\u00e4ist\u00e4 alkuvaiheistakin, mutta p\u00e4\u00e4tin j\u00e4tt\u00e4\u00e4 ne pois ja keskitty\u00e4 viimeiseen 10-vuoteen ja mit\u00e4 silloin on tapahtunut. T\u00e4ss\u00e4 retroa niin pitk\u00e4lle kuin ehdin naputella&#8230;<\/h5>\n<h5>Alussa oli kitaraa ja improvisointia. Kovin juttu pienen\u00e4 lapsena oli se kun kuulin <b>Hendrixin <\/b>feedback-sointeja. Muistan viel\u00e4kin sen kun katsoin kaiutinta ja ihmettelin miten sellaisia \u00e4\u00e4ni\u00e4 voi tuosta tulla ulos. Mua ei niink\u00e4\u00e4n ne pop-biisit kiinnostaneet, vaan se miten h\u00e4n kitaraa k\u00e4sitteli &#8212; ja ne soundit! &#8220;Preparoin&#8221; omaa kitaraani niin, ett\u00e4 asensin siihen halvan puhemikrofonin kielten alle, liitin sen kannettavaan transistori-radionauhurin rec-sis\u00e4\u00e4nmenoon jonka laitoin t\u00e4ysille \u00e4\u00e4nitt\u00e4m\u00e4\u00e4n ja johan ulvoi radion kautta omakin kitara&#8230; Vaikka en osannut kunnolla soittaa niin oli upeaa ohjailla feedbackia&#8230;<\/h5>\n<h5>1970-luvun puoliv\u00e4liss\u00e4 alkoi ekat &#8216;oikeat&#8217; b\u00e4ndikuviot, pidin huolen ett\u00e4 kaikki treenit nauhoitettiin (jo silloin!), joten kaikenlaista on tallessa, ihan 14-15v. tehdyist\u00e4 r\u00e4mpytyksist\u00e4 alkaen&#8230; \ud83d\ude42 Kun aika antaa periksi teen jonain p\u00e4iv\u00e4n\u00e4 noista varhaisista kitara- ja b\u00e4ndinauhoituksista kollaasi-biisin. B\u00e4ndikuvioissa mulle tuli lis\u00e4nimi &#8220;J.J. Lis\u00e4laite&#8221; koska mulle ei ikin\u00e4 piisannut kitaran soundi vaan mulla oli lattialla jalkojen juuresssa aina iso keko lis\u00e4laitteita joita v\u00e4\u00e4nsin ja joilla sain kitaran soundia laajennettua&#8230;<\/h5>\n<h5>1979 hankin moniraitanauhurin koska halusin tehd\u00e4 laajoja ja pitk\u00e4linjaisia teoksia p\u00e4\u00e4llekk\u00e4isnauhoituksella. Aluksi soittimina oli akustinen kitara, piano, perkussioita&#8230; 1980-luvun alussa hankin Rolandin syntikan, s\u00e4hk\u00f6rummut, kitarasyntikan&#8230; tein n\u00e4ill\u00e4 edelleen p\u00e4\u00e4llekk\u00e4isnauhoituksia ja lis\u00e4n\u00e4 oli intialaiset perkussiot (kellot, tabla)&#8230;<\/h5>\n<h5>Vuosina 1983-84 kieppeill\u00e4 j\u00e4rjestin parikin studiosessiota, joissa s\u00e4velsin atonaalisen syntikkapohjan syntikalle, ja studiossa soitimme sen p\u00e4\u00e4lle liven\u00e4 aika freet\u00e4 kamaa. Mun akustisen ja s\u00e4hk\u00f6isen kitaran lis\u00e4ksi oli rumpali ja fonisti, varhaisemmalla nauhalla my\u00f6s kontrabasisti. Oli omia biisej\u00e4ni, paitsi ainoa laina oli jazzbasisti Charlie Hadenin yksi balladi (<i>Human Being<\/i>).<\/h5>\n<h5>Vuonna 1984 tein nauhan (syntikka, akustinen kitara, intialaiset kellot) muutamasta biisist\u00e4ni ja se meni Rockadillon T.Korjukselle. H\u00e4n ehdotti ett\u00e4 teht\u00e4isiin levy: kunhan \u00e4\u00e4nitysauto tulee takaisin Turusta <i>4 Suuta<\/i> -runoyhtyeen nauhoituksesta niin tekisin hyv\u00e4soundisen version nauhoituksistani. Mutta t\u00e4m\u00e4 j\u00e4i kesken, koska tuntui ett\u00e4 en ollut viel\u00e4 valmis sellaiseen. Olin silloin aika tiukka siit\u00e4 mink\u00e4laista musiikkini olisi ja en halunnut keikkailla tai tehd\u00e4 levy\u00e4 ennen kuin tuntui silt\u00e4 ett\u00e4 olisin valmis siihen. Tuntuu aika huvittavalta nyt, mutta silloin en voinut menn\u00e4 edes henkeni pitimiksi soittamaan ravintolakeikkoja &#8212; tosin en tee sit\u00e4 nytk\u00e4\u00e4n&#8230;<\/h5>\n<h5>1980-luvulla jakautui soitto kahteen alueeseen: omat studionauhoitukset ja jazzb\u00e4ndit. T\u00e4m\u00e4 oli Tampereen kautta. Kitaransoittoni saattoi jostain kuulostaa kulmikkaalta, sill\u00e4 vaikutteeni tulivat muualta kuin perusjazzista. Vaikutteita antoi <b>Hendrix<\/b>, <b>McLaughlin<\/b>, modaalinen impovisointi, freejazz, <b>Cecil Taylor<\/b>, <b>Eric Dolphy<\/b>. Mutta toisaalta tavattomasti innosti my\u00f6s nykymusiikki.<\/h5>\n<h5>Sovelsin omaa s\u00e4velsysteemi\u00e4ni aina 1980-luvun alusta l\u00e4htien, jossa oli er\u00e4\u00e4nlainen &#8216;keskiakseli-ajattelu&#8217; improvisoinnin pohjana: eli rakensin soittaessani tonaalisen keskipisteen ymp\u00e4rill\u00e4 motiiveja peilikuvana. S\u00e4vel-eleet ja motiivit t\u00e4ydensiv\u00e4t toisiaan esimerkiksi siten, ett\u00e4 pieni terssi t\u00e4ydentyi isolla sekstill\u00e4, pieni sekunti isolla septimill\u00e4. Toonikan pari oli puolestaaan tritonus. Ja yleens\u00e4kin pieni terssi oli rakenteellinen peruselementti improissa (laajemmin k\u00e4sitettyn\u00e4: toonika, pieni-terssi, alennettu kvintti, suuri seksti ja oktaavi). T\u00e4t\u00e4 on v\u00e4h\u00e4n vaikea selitt\u00e4\u00e4 mutta halusin jonkinlaisen objektiivisen pohjan soitolleni, ja v\u00e4hent\u00e4\u00e4 itseilmaisua. Toisaalta <i>sarjallisuus <\/i>kiinnosti ja my\u00f6s <b>Bartokin <\/b>&#8216;akseli-s\u00e4velajattelu&#8217;.<\/h5>\n<h5>1988 muutin Jyv\u00e4skyl\u00e4\u00e4n. Samalla p\u00e4\u00e4tin ett\u00e4 nyt loppuu loputon treenailu ja k\u00e4\u00e4nn\u00e4n uuden sivun el\u00e4m\u00e4ss\u00e4 ja alan toteuttamaan ideoita todeksi. K\u00e4ynnistin saman tien uudet jazzhommat. Jkl:n alkuvaiheessa oli jazzb\u00e4ndikokeiluja, mutta niist\u00e4 ei tullut muutamaan ensimm\u00e4iseen kuukauteen mit\u00e4\u00e4n, koska hyvi\u00e4 soittajatyyppej\u00e4 ei aluksi l\u00f6ytynyt. Mun oli tarkoitus jatkaa jopa tamperelaisten muusikoiden kanssa. He olisivat tulleet uuteen b\u00e4ndiini, mut se ei toiminut kun kell\u00e4\u00e4n meist\u00e4 ei ollut varaa edes matkustaa junalla. Joskus k\u00e4vin Treella heitt\u00e4m\u00e4ss\u00e4 partsikoitani muusikoille mutta siihen se lopulta j\u00e4i. Sitten kun Petrescun veljekset Mihai ja Marian tulivat Jkl:ss\u00e4 mukaan, niin b\u00e4ndini l\u00e4hti toimimaan. N\u00e4iden vuosien saldo tiivistyy hyvin tuohon <i>Visions and Play <\/i>-levyyni (Petri Kuljuntausta Project, 1992).<\/h5>\n<h5>Olin 1980-90-lukujen vaihteessa hankkinut kunnon kitarasyntikan, jonka \u00e4\u00e4nen lis\u00e4sin soittooni kitarasoundin rinnalle. Usein keikalla mulla oli my\u00f6s syntikka, jota ohjasin kitarasyntikkani midi-ohjaimella. Soitin my\u00f6s keyboardilta syntikkaa (keikoilla ja levyll\u00e4).<\/h5>\n<h5>Kierrettiin soittamassa eri puolilla Suomea ja palaute oli hyv\u00e4. Anssi Nyk\u00e4nen kuunteli Rytmiss\u00e4 blindfold-testiss\u00e4 ja arvuutteli mik\u00e4 ihme on soittamassa &#8220;&#8230;John Schofield, Omar Hakim&#8230;?&#8221; Jukka Hauru tykk\u00e4si Hesarissa ja piti musaa ja soittoa tuoreena. J.P. Vuorela soitti Ylen jazzohjelmassaan ja totesi: &#8220;Kuljuntausta kuuluu niihin ik\u00e4polvensa harvinaisuuksiin, jotka opettelivat soittamaan(!) sill\u00e4 aikaa kun toiset keskittyiv\u00e4t kuuntelemaan paskaa!&#8221; Tosi positiivisen innostunut oli h\u00e4nen reaktionsa ja herkesi k\u00e4ytt\u00e4m\u00e4\u00e4n Yle:ss\u00e4 jopa voimasanoja&#8230; Kaikkiaan koko Project-homma meni hyvin putkeen, mutta lopulta: oli turhauttavaa rakentaa musaa huolella ja treenata raskaasti (kiireisten ammattimuusikoiden kanssa), kun keikkapaikat oli niin nopeasti k\u00e4yty l\u00e4pi.<\/h5>\n<h5>Samaan aikaan kun tein biisej\u00e4 b\u00e4ndilleni, niin s\u00e4velsin synteettist\u00e4 atonaalista kamaa &#8212; avantgarde veti aina toista jalkaani puoleensa. Er\u00e4s ulottuvuus oli sekin kun s\u00e4velt\u00e4j\u00e4 Pekka Kostiainen kiinnitti huomiota yhteen Bartok-vaikutteiseen lyhyeen pianobiisiini ja ehdotti sit\u00e4 kustannettavaksi ja julkaistavaksi. Se oli hauska kuulla, mutta idean eteen ei tullut tehty\u00e4 mit\u00e4\u00e4n. Er\u00e4s Jkl:n kuvioissa vaikuttava sellisti puolestaan halusi kovasti soittaa musaani, mutta se kuten muutkin vastaavat ideat j\u00e4iv\u00e4t aina toteuttamatta jos ne eiv\u00e4t olleet intresseiss\u00e4 ihan ekana listalla&#8230;<\/h5>\n<h5>Aloin my\u00f6s kirjoittamaan Keskisuomalaiseen (alueen valtalehti) ja kirjoitin l\u00e4hes viikoittain vuodesta 1988 aina vuoteen 1994-95. Olin p\u00e4\u00e4asiassa klassisen musiikin kriitikko, kirjoitin konserttiarviot Jyv\u00e4skyl\u00e4n sinfoniaorkesterin konserteista sek\u00e4 levyarvioita (joskus my\u00f6s improvisoidustakin musiikista). Moni ihmetteli mist\u00e4 uusi kriitikko tuli lehteen (ymm\u00e4rsin vasta my\u00f6hemmin kuinka n\u00e4kyv\u00e4 jobi se olikaan paikkakunnan kulttuuriel\u00e4m\u00e4ss\u00e4), mutta sille ei ollut kummempaa selityst\u00e4: paikkakunnalle muuton my\u00f6t\u00e4 marssin suoraan lehden toimitukseen ja ehdotin voinko alkaa kirjoittamaan. Kirjoitin pari koejuttua (<b>O.Messiaenin <\/b>tuotannosta ja muistaakseni elektronimusiikista) ja ne ottivat mut lehteen.<\/h5>\n<h5>Jkl:ss\u00e4 her\u00e4tin my\u00f6s heti alkuvaiheessa henkiin Drive-jazzyhdistyksen, jonka toiminta oli jo loppunut edellisten tyyppien v\u00e4s\u00e4hdetty\u00e4, mutta koska sit\u00e4 ei oltu virallisesti viel\u00e4 lopetettu se l\u00e4hti k\u00e4yntiin uudestaan. Mukana oli mm. Petri Toiviainen, Markku Rinta-Pollari&#8230; jne. Driven s\u00e4\u00e4nn\u00f6llinen klubi l\u00e4hti siit\u00e4 py\u00f6riin ja se oli paikallisten esiintyjien ja itse tuotetun ohjelman lis\u00e4ksi my\u00f6s Jazzliiton yksi etappi sen kiertueilla. Syntyi my\u00f6s <b>Drive Ensemble <\/b>(melkein big band) ja tilasimme s\u00e4vellyksi\u00e4 paikallisilta s\u00e4velt\u00e4jilt\u00e4. S\u00e4velsin sille biisin &#8216;<b><i>&#8230;storm&#8217;<\/i><\/b>, jossa soitaa t\u00e4m\u00e4 big band (pieni), luonnon\u00e4\u00e4ni\u00e4 ja lukija lukee kirjoittamani tekstin. Puuhasin ihan aluksi Jkl:ss\u00e4 Driven ohella viel\u00e4 toistakin klubia opiskelijakavereiden kanssa. Se oli enemm\u00e4n harrastamista ja hupia, mutta Drive oli oikeaa klubitoimintaa ja mulla oli k\u00e4siss\u00e4 hoidettavana ihan isot vuotuiset budjetit.<\/h5>\n<h5>1993 piti tehd\u00e4 PK Projectilla toinen levy, mutta vaikka apuraha tuli ja tehtiin tosi hyv\u00e4 kolmen biisin demo, p\u00e4\u00e4tin siit\u00e4 huolimatta menn\u00e4 toiseen suuntaan kuin jatkaa s\u00e4hk\u00f6ist\u00e4 jazzia. 1992 oli alkanut yhteisty\u00f6 belgialaisen mediataiteilija Jacques Coelhon kanssa. H\u00e4n teki kokeellisia videoita musiikkiini ja k\u00e4ytti musiikkiani mediataiden\u00e4yttelyiss\u00e4\u00e4n. N\u00e4iden varhaisten duunien (1992-93) j\u00e4lkeen aloin tehd\u00e4 uutta s\u00e4hk\u00f6musiikkia nimenomaan h\u00e4nen mediateoksiinsa.<\/h5>\n<h5>1993-94 mulla oli akustinen b\u00e4ndi (Petri Kuljuntausta Ensemble) ja tein hurjasti t\u00e4llekin biisej\u00e4. Siin\u00e4 oli soittamassa paikkakunnan ykk\u00f6smuusikot, jousisoittajia ja jazzmuusikoita, mutta j\u00e4ljelle j\u00e4i lopulta vain yksi demonauhoitus. <i>Momentum<\/i>-s\u00e4hk\u00f6biisini (vuoden 2004 <i>Momentum<\/i>-CD:ll\u00e4) pohjautuu yhden kvartettoni s\u00e4mpleen vuodelta 1994. Er\u00e4s toinen jousibiisi (<i>Descendere<\/i>) puolestaan el\u00e4\u00e4 viel\u00e4 Jacques Coelhon yhdess\u00e4 videobiisiss\u00e4.<\/h5>\n<h5>1994 oli vuorossa muutto Helsinkiin. Siit\u00e4 alkaa toinen tarina.<\/h5>\n<p><\/p>","protected":false},"excerpt":{"rendered":"<p>Hepa Halme: Haastattelu uran alkuvaiheista 23.11.2005 &nbsp; Heikki &#8220;Hepa&#8221; Halme on haastatellut minua muutaman kerran koskien \u00c4\u00e4nen Lumon historiaa, jota h\u00e4n kirjoittaa. Vireill\u00e4 on \u00c4L:n 10-vuotishistoriikin julkaiseminen vuoden 2006 aikana. Siihen liittyen Halme halusi tiet\u00e4\u00e4 enemm\u00e4n toiminnastani ennen \u00c4L:n perustamista. Seuraava teksti on 23.11.2005 kirjoittamani vapaamuotoinen muistelu n\u00e4ist\u00e4 varhaisajoista. Hepa Halme: Haluaisin itse asiassa tiet\u00e4\u00e4&hellip;<\/p>\n","protected":false},"author":1,"featured_media":0,"parent":0,"menu_order":0,"comment_status":"closed","ping_status":"closed","template":"","meta":{"spay_email":""},"yoast_head":"<!-- This site is optimized with the Yoast SEO plugin v15.4 - https:\/\/yoast.com\/wordpress\/plugins\/seo\/ -->\n<title>Halme-haastattelu - Petri Kuljuntausta<\/title>\n<meta name=\"robots\" content=\"index, follow, max-snippet:-1, max-image-preview:large, max-video-preview:-1\" \/>\n<link rel=\"canonical\" href=\"http:\/\/kuljuntausta.com\/index.php\/halme-haastattelu\/\" \/>\n<meta property=\"og:locale\" content=\"en_GB\" \/>\n<meta property=\"og:type\" content=\"article\" \/>\n<meta property=\"og:title\" content=\"Halme-haastattelu - Petri Kuljuntausta\" \/>\n<meta property=\"og:description\" content=\"Hepa Halme: Haastattelu uran alkuvaiheista 23.11.2005 &nbsp; Heikki &#8220;Hepa&#8221; Halme on haastatellut minua muutaman kerran koskien \u00c4\u00e4nen Lumon historiaa, jota h\u00e4n kirjoittaa. Vireill\u00e4 on \u00c4L:n 10-vuotishistoriikin julkaiseminen vuoden 2006 aikana. Siihen liittyen Halme halusi tiet\u00e4\u00e4 enemm\u00e4n toiminnastani ennen \u00c4L:n perustamista. Seuraava teksti on 23.11.2005 kirjoittamani vapaamuotoinen muistelu n\u00e4ist\u00e4 varhaisajoista. Hepa Halme: Haluaisin itse asiassa tiet\u00e4\u00e4&hellip;\" \/>\n<meta property=\"og:url\" content=\"http:\/\/kuljuntausta.com\/index.php\/halme-haastattelu\/\" \/>\n<meta property=\"og:site_name\" content=\"Petri Kuljuntausta\" \/>\n<meta property=\"article:modified_time\" content=\"2016-10-02T22:08:47+00:00\" \/>\n<meta name=\"twitter:card\" content=\"summary\" \/>\n<meta name=\"twitter:label1\" content=\"Written by\">\n\t<meta name=\"twitter:data1\" content=\"PK13425-OVH\">\n\t<meta name=\"twitter:label2\" content=\"Estimated reading time\">\n\t<meta name=\"twitter:data2\" content=\"5 minutes\">\n<script type=\"application\/ld+json\" class=\"yoast-schema-graph\">{\"@context\":\"https:\/\/schema.org\",\"@graph\":[{\"@type\":\"WebSite\",\"@id\":\"http:\/\/kuljuntausta.com\/#website\",\"url\":\"http:\/\/kuljuntausta.com\/\",\"name\":\"Petri Kuljuntausta\",\"description\":\"\",\"potentialAction\":[{\"@type\":\"SearchAction\",\"target\":\"http:\/\/kuljuntausta.com\/?s={search_term_string}\",\"query-input\":\"required name=search_term_string\"}],\"inLanguage\":\"en-GB\"},{\"@type\":\"WebPage\",\"@id\":\"http:\/\/kuljuntausta.com\/index.php\/halme-haastattelu\/#webpage\",\"url\":\"http:\/\/kuljuntausta.com\/index.php\/halme-haastattelu\/\",\"name\":\"Halme-haastattelu - Petri Kuljuntausta\",\"isPartOf\":{\"@id\":\"http:\/\/kuljuntausta.com\/#website\"},\"datePublished\":\"2016-10-01T20:04:30+00:00\",\"dateModified\":\"2016-10-02T22:08:47+00:00\",\"inLanguage\":\"en-GB\",\"potentialAction\":[{\"@type\":\"ReadAction\",\"target\":[\"http:\/\/kuljuntausta.com\/index.php\/halme-haastattelu\/\"]}]}]}<\/script>\n<!-- \/ Yoast SEO plugin. -->","jetpack_sharing_enabled":true,"jetpack_shortlink":"https:\/\/wp.me\/P7UaIW-3H","_links":{"self":[{"href":"http:\/\/kuljuntausta.com\/index.php\/wp-json\/wp\/v2\/pages\/229"}],"collection":[{"href":"http:\/\/kuljuntausta.com\/index.php\/wp-json\/wp\/v2\/pages"}],"about":[{"href":"http:\/\/kuljuntausta.com\/index.php\/wp-json\/wp\/v2\/types\/page"}],"author":[{"embeddable":true,"href":"http:\/\/kuljuntausta.com\/index.php\/wp-json\/wp\/v2\/users\/1"}],"replies":[{"embeddable":true,"href":"http:\/\/kuljuntausta.com\/index.php\/wp-json\/wp\/v2\/comments?post=229"}],"version-history":[{"count":3,"href":"http:\/\/kuljuntausta.com\/index.php\/wp-json\/wp\/v2\/pages\/229\/revisions"}],"predecessor-version":[{"id":238,"href":"http:\/\/kuljuntausta.com\/index.php\/wp-json\/wp\/v2\/pages\/229\/revisions\/238"}],"wp:attachment":[{"href":"http:\/\/kuljuntausta.com\/index.php\/wp-json\/wp\/v2\/media?parent=229"}],"curies":[{"name":"wp","href":"https:\/\/api.w.org\/{rel}","templated":true}]}}