{"id":250,"date":"2016-10-02T21:20:45","date_gmt":"2016-10-02T18:20:45","guid":{"rendered":"http:\/\/kuljuntausta.com\/?page_id=250"},"modified":"2016-10-05T20:42:13","modified_gmt":"2016-10-05T17:42:13","slug":"avaruusromua-20","status":"publish","type":"page","link":"http:\/\/kuljuntausta.com\/index.php\/avaruusromua-20\/","title":{"rendered":"Avaruusromua 20v"},"content":{"rendered":"<hr \/>\n<h1>Petri Kuljuntausta: \u00c4\u00e4ret\u00f6nt\u00e4 \u00e4\u00e4nt\u00e4 eetteriss\u00e4<\/h1>\n<p>Kaikella on historiansa, niin my\u00f6s Avaruusromulla. Kuuntelin jo 1980-luvun lopulla Jukkaa ja Romujen varhaisversiota Musiikin ihmeellinen maailma -ohjelmaa, jota Jukka teki paikalliskanava Radio957:lle. Muistelen ett\u00e4 musiikillisesti Jukka liikkui jo silloin Romujen linjoilla ja tyyli oli t\u00e4ss\u00e4 vaiheessa jo l\u00f6yt\u00e4nyt muotonsa. \u00c4\u00e4nens\u00e4 ohella Jukkakin tuli pian tutuksi er\u00e4\u00e4n levyputiikin kautta. Suomen kiintoisin levykauppa oli siihen aikaan maahantuojanakin toiminut Hieronymus (Hear-O-Ny-Mus), jonka myym\u00e4l\u00e4 oli kohtauspaikka alan harrastajille. Jukka haki sielt\u00e4 ainakin osan radiossa soittamastaan uutuusmateriaalista. Hieronymuksen primus motor oli Jouko Turunen, joka oivalsi ensimm\u00e4isen\u00e4 tuoda Suomeen ECM:n, HatHut\/HatArtin, New Albionin, Moers Musicin, Enjan, FMP:n ja monien muiden vastaavien julkaisemaa vaihtoehtoista musiikkia. Viikottaiset visiitit putiikissa ovat ikimuistoisia ja varsinainen v\u00e4ril\u00e4isk\u00e4 oli aina innostunut myyj\u00e4-Yk\u00e4, joka singahti t\u00e4m\u00e4n t\u00e4st\u00e4 tiskins\u00e4 takaa antamaan asiantuntevia levysuosituksiaan. Ilmapiiri\u00e4 tasapainotti Jouko, joka oli rauhallisuuden perikuva. Istuimme usein takahuoneen toimistossa ja keskustelimme musiikista. Se vaati Joken kanssa k\u00e4rsiv\u00e4llisyytt\u00e4 sill\u00e4 h\u00e4n puhui zenil\u00e4isen mietteli\u00e4\u00e4sti; sanat tipahtelivat pitkien hiljaisuuksien saattelemena ja lauseen muotoileminen saattoi kest\u00e4\u00e4 useamman minuutin. Kaupan puolella meno oli toinen. Yk\u00e4n innostus oli tarttuvaa ja h\u00e4n oli se joka piti huolen ettei liikkeest\u00e4 p\u00e4\u00e4ssyt ulos ilman tukevaa levypinkkaa kainalossa. Kumpikin heist\u00e4 oli aitoja musiikkidiggareita, eik\u00e4 heit\u00e4 kiinnostanut myyminen, liike- ja maahantuontitoiminnasta huolimatta, vaan se ett\u00e4 ihmiset saavat kuunneltavakseen uutta hyv\u00e4\u00e4 musiikkia. Aina kun Jukka Mikkola astui liikkeeseen hakemaan uutta levyer\u00e4\u00e4ns\u00e4 t\u00e4yttyi putiikki eloisasta tarinoinnista elektronimusiikin, impron ja nykymusiikin kuulumisista ja sukelsimme yh\u00e4 uudelleen ja uudelleen tekem\u00e4\u00e4n l\u00f6yt\u00f6j\u00e4 vinyylilaareista Yk\u00e4n ohjastamana.<\/p>\n<p>1980-luvulla kiersi syntikkani Maestro Universal Synthesizer USS-1 (Oberheim) Tampereen muusikkopiireiss\u00e4. Sen sijainnista minulla ei ollut vuosiin tietoa, mutta er\u00e4\u00e4lt\u00e4 jazzdiggarilta kuulin ett\u00e4 se k\u00e4v\u00e4isi jossain vaiheessa Jukallakin kokeiltavana, saksofonin jatkeena. (Monia soittimiani on j\u00e4\u00e4nyt maailmalle, mutta t\u00e4m\u00e4 syntikka l\u00f6ysi ihme kyll\u00e4 tiens\u00e4 takaisin l\u00e4hes <span class=\"il\">20<\/span>-vuotisen lainakierroksensa j\u00e4lkeen.) 1980-luvun lopulla n\u00e4in Avaruuskapteenin esiintym\u00e4ss\u00e4 saksofoninsa kanssa kokeellisissa proggiksissa. H\u00e4nell\u00e4 oli muun muassa 4Suuta, runoa ja musiikkia yhdist\u00e4v\u00e4 yhtye. Muistan Tampere Jazz Happeningin alkuajoilta kokeellisen esityksen, jossa Jukan poppoo (4Suuta tai taiteilijaryhm\u00e4 Rodtsenko-seura) teki performanssin yliopiston juhlasalin aulassa. Aulatilan lattialla oli kasa yksiv\u00e4risi\u00e4, paksuja verhokankaita. Kukaan ei kiinnitt\u00e4nyt t\u00e4h\u00e4n myttyyn suurempaa huomiota kunnes se alkoi liikahdella ja kankaiden alta k\u00f6mpi yll\u00e4tt\u00e4en esiin ryhm\u00e4 esiintyji\u00e4! He olivat maanneet siell\u00e4 piilossa, odottaen sopivaa hetke\u00e4 aloittaa esitys. Muistaakseni Jukalla oli saksofoni ja esiintyj\u00e4t valloittivat tilan liikkumalla yleis\u00f6n seassa. Se oli musiikillista performanssia. En ole varma ketk\u00e4 esiintyiv\u00e4t p\u00e4\u00e4konsertissa juhlasalin puolella, mahdollisesti Ronald Shannon Jackson, Bill Laswell, Sonny Sharrock ja Peter Br\u00f6tzmann, vai oliko se Ulrich Laskin soolokonsertti saksofoneilla, syntikoilla ja DMX-rumpukoneella&#8230; Jukan 1980-luvun meriitteihin kuuluu my\u00f6s soittaminen John Cagen johdolla t\u00e4m\u00e4n Atlas Eclipticalis -teoksen esityksess\u00e4.<\/p>\n<p>1990-luvulla j\u00e4rjestin keikkoja Helsingiss\u00e4 ja pyysin Jukkaa DJ:ksi aina kun Avaruuskapteenia tarvittiin sitomaan esityksi\u00e4 musiikillisesti yhteen. Jukkaa oli helppo pyyt\u00e4\u00e4, sill\u00e4 h\u00e4n oli aina innostunut ja valmis keikalle. Illan tilanteisiin h\u00e4n reagoi valitsemalla sopivimman musiikin laajoista kokoelmistaan. Er\u00e4\u00e4n kerran piti samassa tilaisuudessa esiinty\u00e4 runoilija Teemu Hirvilammin duo, mutta kun duon musiikillinen puolisko estyi saapumasta paikalle, hypp\u00e4si Jukka puikkoihin ja hoiti ex-tempore runoesitykseen \u00e4\u00e4nen DJ-dekkins\u00e4 takaa. Jukan soitinarsenaaliin kuului levysoittimien lis\u00e4ksi hyvin pieni syntikka, josta h\u00e4n kaivoi esiin soundeja levymusiikin liitteeksi. N\u00e4it\u00e4 keikkatallenteita pit\u00e4isi joskus julkaista&#8230; Hieman my\u00f6hemmin kokosin \u00c4\u00e4nen Lumolle ja Muu rylle kokoelma-CD:n Sounds! (1999), jolle kutsuin <span class=\"il\">20<\/span> kotimaista elektronimusiikin ja \u00e4\u00e4nitaiteen tekij\u00e4\u00e4 toteuttamaan raidan. Halusin ehdottomasti mukaan my\u00f6s Avaruuskapteenin, joka toteutti levylle teoksen Microseasonings.<\/p>\n<p>Jukka on ohjelmissaan ajassa kiinni ja h\u00e4n tekee YLE:lle sympaattisen mukaansatempaavalla tavalla informatiivisia spesiaaleja ajankohtaisista aiheista. Vuodelta 1997 on j\u00e4\u00e4nyt mieliin YLE:lle tehty tunnin pituinen Timantti Spesiaali -ohjelma \u00c4\u00e4nen Lumon ensimm\u00e4isest\u00e4 festivaalista. Tapahtumassa esiteltiin eksperimentaalista musiikkia laidasta laitaan ja rinta rinnan soivat (varsin avaruusromuhenkisesti) kokeellinen musiikki, akateeminen avantgarde, ambient, elektroakustinen musiikki, improvisaatiot ja tekno. Ohjelmistossa oli my\u00f6s nykytanssia, videotaidetta ja valoa. Kyseiseen aikaan mik\u00e4\u00e4n muu taho Suomessa ei j\u00e4rjest\u00e4nyt n\u00e4in avarakatseisesti elektronisen ja kokeellisen musiikin tapahtumia. T\u00e4st\u00e4 kertoo festivaalin s\u00e4velt\u00e4j\u00e4-\/artistilista: Steve Reich, Alvin Lucier, Hugh Davies, Jean-Babtiste Barri\u00e8re, Reijo Kela, Mikko-Ville Luolajan-Mikkola, Petri Kuljuntausta, Juhani Nuorvala, Nemesis, Sait-D, Jukka Mikkola, Juhani Liimatainen, Andrew Bentley, Kalev Tiits, Jukka Ylitalo, Mika Taanila, Sami van Ingen, John Viherv\u00e4 ja Kari Pet\u00e4j\u00e4. Jukka saapui haastattelemaan meit\u00e4 organisaattoreita tapahtumapaikalle kun virittelimme illan esityst\u00e4. Jukan asiantuntemus, kiinnostus ja tuki oli aloitusvaiheessa t\u00e4rke\u00e4\u00e4 sill\u00e4 h\u00e4n oli Suomessa ainoa toimittaja joka ymm\u00e4rsi t\u00e4m\u00e4n musiikinsektorin ilmi\u00f6it\u00e4 yht\u00e4 laaja-alaisesti kuin me tapahtuman j\u00e4rjest\u00e4j\u00e4t.<\/p>\n<p>2000-luvun alussa Jukka pyysi haastattelun \u00e4\u00e4nimaisemamusiikista ja sovimme tapaamisen nykymusiikkifestivaalille. Jukalla oli j\u00e4lleen ty\u00f6n alla laaja ohjelmakokonaisuus radiolle. T\u00e4ll\u00e4 kertaa teemana oli \u00e4\u00e4nimaisema, ilmi\u00f6t\u00e4 h\u00e4n tarkasteli sek\u00e4 tutkijoiden ett\u00e4 taiteilijoiden kuulokulmista. Muistan todenneeni kuinka teknologian my\u00f6t\u00e4 ymp\u00e4rist\u00f6n on vallannut pitk\u00e4t \u00e4\u00e4net, ne soivat niin pitk\u00e4\u00e4n kuin s\u00e4hk\u00f6\u00e4 riitt\u00e4\u00e4. T\u00e4m\u00e4 on j\u00e4tt\u00e4nyt j\u00e4lkens\u00e4 my\u00f6s musiikkiin ja erityisesti siihen musiikkiin mihin Jukka on painottunut ohjelmissaan. Kuuntelimme Tullikamarin ulkopuolelta kantautuneita kadun \u00e4\u00e4ni\u00e4.<\/p>\n<p>Muutaman kerran minua on luultu Mikkolaksi. Osittain t\u00e4m\u00e4 selittynee sill\u00e4 ett\u00e4 itsekin tein aikoinaan elektronimusiikin ohjelmia (Lumottuja \u00e4\u00e4ni\u00e4, 1997-2005) Yleisradiolle. Pidin er\u00e4\u00e4n kerran 2000-luvun alussa elektronimusiikista vierailuluentoa Helsingin yliopistossa ja luentoni j\u00e4lkeen er\u00e4s sokea kuuntelija tuli luokseni kyselem\u00e4\u00e4n luentoni aiheista tarkemmin. Keskustelun edetess\u00e4 h\u00e4n viittasi my\u00f6s &#8220;minun <span class=\"il\">Avaruusromua<\/span>-ohjelmaani&#8221; jota kertoi kuuntelevansa usein. Korjasin ohjelman tekij\u00e4tiedon, mink\u00e4 kuultuaan h\u00e4n oli hyvin yll\u00e4ttynyt ja mietti syyt\u00e4 erehdykseen: &#8220;Teill\u00e4 on kyll\u00e4 niin samanlainen \u00e4\u00e4ni!&#8221;\u00a0 Seuraavan kerran kun n\u00e4in Jukan kerroin t\u00e4m\u00e4n tapauksen ja heitin h\u00e4nelle vitsin\u00e4 idean jota voisimme kokeilla: vaihdamme radiojuontajan paikkoja kertomatta kenellek\u00e4\u00e4n ja testaamme huomaisiko kukaan kuuntelijoista vaihdosta&#8230;<\/p>\n<p>Muistan er\u00e4\u00e4n keskustelun biitin merkityksest\u00e4 musiikissa ja ihmettelimme kumpikin miten ratkaisevalta sen l\u00e4sn\u00e4olo, tai paremminkin poissaolo, tuntui olevan tietyille tahoille ns. vakavan musiikin kent\u00e4ll\u00e4. Ymm\u00e4rsin hyvin mit\u00e4 Jukka tarkoitti ja olen omilla elektronimusiikin ja \u00e4\u00e4nitaiteen luennoillani ja workshopeissani pyrkinyt tietyist\u00e4 syist\u00e4 sis\u00e4llytt\u00e4m\u00e4\u00e4n mukaan my\u00f6s biittimusiikin. N\u00e4in ensinn\u00e4kin siksi, ett\u00e4 musiikillista biodiversiteetti\u00e4 tulee vaalia. Toisekseen, ja rytmi\u00e4 koskien, biittiin haasteellisesti rakentavia musiikintekij\u00f6it\u00e4 on olemassa (esimerkiksi IDM:n sektorilla) ja he k\u00e4ytt\u00e4v\u00e4t sointiv\u00e4ri\u00e4 teoksiensa elementtin\u00e4 siin\u00e4 kuin timbraalis\u00e4velt\u00e4j\u00e4tkin. L\u00e4hestymistapa on vain toinen. Ymp\u00e4rist\u00f6\u00e4\u00e4nitaiteilijat saattavat toteuttaa rytmisen biisin vaikka voimalan \u00e4\u00e4nist\u00e4 (kuten Evidence) ja drum&#8217;n&#8217;bassia on s\u00e4velletty keitti\u00f6v\u00e4lineiden \u00e4\u00e4nist\u00e4. Rytmi on yksi musiikillinen elementti muiden aineksien joukossa, eik\u00e4 pulssi itsess\u00e4\u00e4n tee musiikista kevytt\u00e4 tai vakavaa; tai jos pulssi edustaa kevytt\u00e4, niin silloin J.S. Bachin ja W.A. Mozartin tuotanto on kevytt\u00e4. Jukka on aika ajoin soittanut ohjelmissaan Usko Meril\u00e4isen elektronimusiikkia, jonka Ku-gu-gusta kannattaa huomioida my\u00f6s ne s\u00e4hk\u00f6urkujen rytmikoneella tehdyt jutut&#8230; Aiheen tiimoilta muistuu mieleeni my\u00f6s mielenkiintoinen riffien historiaa k\u00e4sittelev\u00e4 BBC:n radio-ohjelma vuodelta 2008, jossa musiikillisten riffien tarkastelua ei aloitettu rockista, vaan Beethovenin viidennest\u00e4 sinfoniasta.<\/p>\n<p>Jukan soittolistat kattavat harmaan musiikinsektorin laajalla s\u00e4teell\u00e4 ja h\u00e4n antaa Avaruusromuissa kiitett\u00e4v\u00e4sti sijaa my\u00f6s uusille tulokkaille. Omasta kokemuksesta tied\u00e4n kuinka hienolta tuntui kuunnella ensimm\u00e4isen kerran omaa biisi\u00e4 valtakunnan radioaalloilla! N\u00e4it\u00e4 v\u00e4yli\u00e4 ei ole kokeelliselle elektronimusiikille edelleenk\u00e4\u00e4n liikaa ja onneksi Yleisradiossa on sent\u00e4\u00e4n t\u00e4m\u00e4 yksi osoite, johon ohjata julkaisijoita l\u00e4hett\u00e4m\u00e4\u00e4n uuden levyns\u00e4.<\/p>\n<p>Kuulin jokunen vuosi sitten ett\u00e4 Avaruusromuista teht\u00e4isiin kirja. Toivottavasti. <span class=\"il\">Avaruusromua<\/span> on klassikon asemaan noussut k\u00e4site musiikin kent\u00e4ll\u00e4 ja se on kest\u00e4nyt muuttuvat trendit ja kanavamuutokset. Jukka on tehnyt Avaruusromuaan merkitt\u00e4v\u00e4n siirtym\u00e4vaiheen yli, 1990-luvun alusta 2010-luvulle, jolloin elektronimusiikki k\u00e4vi l\u00e4pi suuria muutoksia. Avaruusromujen historiikki haastatteluineen, teostaustoituksineen ja soittolistoineen olisi arvokas dokumentti t\u00e4st\u00e4 t\u00e4rke\u00e4st\u00e4 kehitysvaiheesta suomalaisen musiikin historiassa. Jos kerran John Schaeferill\u00e4 on New Sounds: A Listener&#8217;s Guide to New Music, pit\u00e4\u00e4 Avaruusromullakin olla omansa! Toivon todellakin, ett\u00e4 kirja l\u00f6yt\u00e4\u00e4 joku p\u00e4iv\u00e4 tiens\u00e4 p\u00e4iv\u00e4nvaloon&#8230;<\/p>\n<div id=\":96n\" class=\"ajR\" tabindex=\"0\" data-tooltip=\"Hide expanded content\"><\/div>\n<h5><span class=\"HOEnZb adL\"><span style=\"color: #888888;\">Petri Kuljuntausta<br \/>\n9.6.2010<\/span><\/span><\/h5>\n<p><\/p>","protected":false},"excerpt":{"rendered":"<p>Petri Kuljuntausta: \u00c4\u00e4ret\u00f6nt\u00e4 \u00e4\u00e4nt\u00e4 eetteriss\u00e4 Kaikella on historiansa, niin my\u00f6s Avaruusromulla. Kuuntelin jo 1980-luvun lopulla Jukkaa ja Romujen varhaisversiota Musiikin ihmeellinen maailma -ohjelmaa, jota Jukka teki paikalliskanava Radio957:lle. Muistelen ett\u00e4 musiikillisesti Jukka liikkui jo silloin Romujen linjoilla ja tyyli oli t\u00e4ss\u00e4 vaiheessa jo l\u00f6yt\u00e4nyt muotonsa. \u00c4\u00e4nens\u00e4 ohella Jukkakin tuli pian tutuksi er\u00e4\u00e4n levyputiikin kautta. Suomen&hellip;<\/p>\n","protected":false},"author":1,"featured_media":0,"parent":0,"menu_order":0,"comment_status":"closed","ping_status":"closed","template":"","meta":{"spay_email":""},"yoast_head":"<!-- This site is optimized with the Yoast SEO plugin v15.4 - https:\/\/yoast.com\/wordpress\/plugins\/seo\/ -->\n<title>Avaruusromua 20v - Petri Kuljuntausta<\/title>\n<meta name=\"robots\" content=\"index, follow, max-snippet:-1, max-image-preview:large, max-video-preview:-1\" \/>\n<link rel=\"canonical\" href=\"http:\/\/kuljuntausta.com\/index.php\/avaruusromua-20\/\" \/>\n<meta property=\"og:locale\" content=\"en_GB\" \/>\n<meta property=\"og:type\" content=\"article\" \/>\n<meta property=\"og:title\" content=\"Avaruusromua 20v - Petri Kuljuntausta\" \/>\n<meta property=\"og:description\" content=\"Petri Kuljuntausta: \u00c4\u00e4ret\u00f6nt\u00e4 \u00e4\u00e4nt\u00e4 eetteriss\u00e4 Kaikella on historiansa, niin my\u00f6s Avaruusromulla. Kuuntelin jo 1980-luvun lopulla Jukkaa ja Romujen varhaisversiota Musiikin ihmeellinen maailma -ohjelmaa, jota Jukka teki paikalliskanava Radio957:lle. Muistelen ett\u00e4 musiikillisesti Jukka liikkui jo silloin Romujen linjoilla ja tyyli oli t\u00e4ss\u00e4 vaiheessa jo l\u00f6yt\u00e4nyt muotonsa. \u00c4\u00e4nens\u00e4 ohella Jukkakin tuli pian tutuksi er\u00e4\u00e4n levyputiikin kautta. Suomen&hellip;\" \/>\n<meta property=\"og:url\" content=\"http:\/\/kuljuntausta.com\/index.php\/avaruusromua-20\/\" \/>\n<meta property=\"og:site_name\" content=\"Petri Kuljuntausta\" \/>\n<meta property=\"article:modified_time\" content=\"2016-10-05T17:42:13+00:00\" \/>\n<meta name=\"twitter:card\" content=\"summary\" \/>\n<meta name=\"twitter:label1\" content=\"Written by\">\n\t<meta name=\"twitter:data1\" content=\"PK13425-OVH\">\n\t<meta name=\"twitter:label2\" content=\"Estimated reading time\">\n\t<meta name=\"twitter:data2\" content=\"5 minutes\">\n<script type=\"application\/ld+json\" class=\"yoast-schema-graph\">{\"@context\":\"https:\/\/schema.org\",\"@graph\":[{\"@type\":\"WebSite\",\"@id\":\"http:\/\/kuljuntausta.com\/#website\",\"url\":\"http:\/\/kuljuntausta.com\/\",\"name\":\"Petri Kuljuntausta\",\"description\":\"\",\"potentialAction\":[{\"@type\":\"SearchAction\",\"target\":\"http:\/\/kuljuntausta.com\/?s={search_term_string}\",\"query-input\":\"required name=search_term_string\"}],\"inLanguage\":\"en-GB\"},{\"@type\":\"WebPage\",\"@id\":\"http:\/\/kuljuntausta.com\/index.php\/avaruusromua-20\/#webpage\",\"url\":\"http:\/\/kuljuntausta.com\/index.php\/avaruusromua-20\/\",\"name\":\"Avaruusromua 20v - Petri Kuljuntausta\",\"isPartOf\":{\"@id\":\"http:\/\/kuljuntausta.com\/#website\"},\"datePublished\":\"2016-10-02T18:20:45+00:00\",\"dateModified\":\"2016-10-05T17:42:13+00:00\",\"inLanguage\":\"en-GB\",\"potentialAction\":[{\"@type\":\"ReadAction\",\"target\":[\"http:\/\/kuljuntausta.com\/index.php\/avaruusromua-20\/\"]}]}]}<\/script>\n<!-- \/ Yoast SEO plugin. -->","jetpack_sharing_enabled":true,"jetpack_shortlink":"https:\/\/wp.me\/P7UaIW-42","_links":{"self":[{"href":"http:\/\/kuljuntausta.com\/index.php\/wp-json\/wp\/v2\/pages\/250"}],"collection":[{"href":"http:\/\/kuljuntausta.com\/index.php\/wp-json\/wp\/v2\/pages"}],"about":[{"href":"http:\/\/kuljuntausta.com\/index.php\/wp-json\/wp\/v2\/types\/page"}],"author":[{"embeddable":true,"href":"http:\/\/kuljuntausta.com\/index.php\/wp-json\/wp\/v2\/users\/1"}],"replies":[{"embeddable":true,"href":"http:\/\/kuljuntausta.com\/index.php\/wp-json\/wp\/v2\/comments?post=250"}],"version-history":[{"count":2,"href":"http:\/\/kuljuntausta.com\/index.php\/wp-json\/wp\/v2\/pages\/250\/revisions"}],"predecessor-version":[{"id":308,"href":"http:\/\/kuljuntausta.com\/index.php\/wp-json\/wp\/v2\/pages\/250\/revisions\/308"}],"wp:attachment":[{"href":"http:\/\/kuljuntausta.com\/index.php\/wp-json\/wp\/v2\/media?parent=250"}],"curies":[{"name":"wp","href":"https:\/\/api.w.org\/{rel}","templated":true}]}}