{"id":262,"date":"2016-10-02T23:44:40","date_gmt":"2016-10-02T20:44:40","guid":{"rendered":"http:\/\/kuljuntausta.com\/?page_id=262"},"modified":"2016-10-02T23:49:16","modified_gmt":"2016-10-02T20:49:16","slug":"calatayud-analysis","status":"publish","type":"page","link":"http:\/\/kuljuntausta.com\/index.php\/calatayud-analysis\/","title":{"rendered":"Calatayud-analysis"},"content":{"rendered":"<hr \/>\n<h1>Patricio Federico Calatayud: Creaci\u00f3n e Intenci\u00f3n, Arte y Gesto. An\u00e1lisis de Four Notes (Cuatro notas) del compositor Petri Kuljuntausta<\/h1>\n<h3>2013<\/h3>\n<p>&nbsp;<\/p>\n<h5>Es, en escencia, una obra que explora y explota las texturas que se pueden obtener de s\u00f3lo cuatro simples notas extra\u00eddas de una grabaci\u00f3n que es interpretada por un cuarteto de cuerdas.<\/h5>\n<h5>A trav\u00e9s de una exploraci\u00f3n sistem\u00e1tica del cuarteto que da origen al CD Momentum;[1] Se localizaron cuatro notas las cuales fueron sometidas a un proceso de estiramiento, para dar como resultado una obra que el mismo compositor llama est\u00e1tica pero que explora las relaciones existentes entre las texturas que se obtienen de este proceso aplicado a las muestras de audio.<\/h5>\n<h5>Esta t\u00e9cnica de estiramiento de las notas es muy utilizada por el compositor en otras obras de su autor\u00eda y tiene la funci\u00f3n de concentrarse en la menor cantidad posible de material musical para obtener una nueva gama de sonidos con los cuales trabajar. De este proceso de expansi\u00f3n se obtienen sonidos \u201csostenidos y calmos\u201d que ofrecen texturas insospechadas. Los micro-cambios en las afinaciones y el proceso del gesto expandido dotan a la obra de una calidad y un desarrollo \u00fanicos. Hay que aclarar. El proceso de estiramiento de muestras de audio se puede obtener de muchas maneras hoy en d\u00eda; Lo que distingue a este compositor es la calidad y fineza con la que obtiene estas sonoridades. Este proceso llega al compositor a trav\u00e9s de la historia de un maestro de viol\u00edn el cual, para incrementar su pericia en el instrumento, comenz\u00f3 a grabarse a s\u00ed mismo con una cinta de carrete. Al reproducir la cinta a la mitad de la velocidad pod\u00eda escuchar sus errores y corregirlos. De esta an\u00e9cdota el compositor se inspir\u00f3 para llevar este proceso de enfoque al extremo.[2]<\/h5>\n<h5>El proceso de obtenci\u00f3n de las notas fue arduo ya que, al aplicar los procesos de estiramiento se notaban los micro-cambios en la afinaci\u00f3n producidos, por ejemplo, por el vibrato o el propio correr del arco sobre la cuerda.[3] Estos micro-cambios pasan inadvertidos para el instrumentista el cual toca como se le ha ense\u00f1ado; A la hora de enfocarse en ellos (extray\u00e9ndolos de su \u201cambiente\u201d) se vuelven exagerados y dejan de servir para la obra. Por esto, muchos sonidos, aunque parec\u00edan cumplir (a distancia) la funci\u00f3n, tuvieron que ser desechados ya que no cumpl\u00edan con la \u201cquietud\u201d en la afinaci\u00f3n y gesticulaci\u00f3n que generara la textura deseada.[4]<\/h5>\n<h5>Otra de las motivaciones del artista fue la de \u201ccongelar el tiempo\u201d. Esto logrado a trav\u00e9s del proceso antes mencionado y que clarifica que el sonido es conceptualizado a trav\u00e9s del proceso de composici\u00f3n. A\u00fan otro concepto que desarrolla el compositor fue el de obtener sonoridades que fuera imposible obtener de un instrumentista \u201creal\u201d. Es decir, sonoridades exclusivas de procesos intensivos tecnol\u00f3gicos.[5]<\/h5>\n<h5>El material sonoro, seg\u00fan el artista, carece de una importancia relevante en la obra de la que fue obtenido (en este caso, su cuarteto de cuerdas compuesto y posteriormente grabado); Son notas que pasan desapercibidas durante la escucha \u201cen tiempo real\u201d de la obra. Luego \u00e9stas se trasladan a un rol protag\u00f3nico pero en otro contexto composicional. Desde luego aqu\u00ed es f\u00e1cil confundir las percepciones. Por un lado, el compositor no reconocer\u00eda una falta de importancia de las notas originales distribuidas en su cuarteto, sino que el mismo se refiere al escucha por as\u00ed decirlo, ajeno. Este concepto parte de una noci\u00f3n de interpolaci\u00f3n entre artista y p\u00fablico que se da en nuevas obras que exploran otras facetas del quehacer musical.<\/h5>\n<h5>La obra (seg\u00fan el compositor) siempre tuvo un plan o esquema preconcebido y subyacente -la composici\u00f3n en s\u00ed. Este fue el de servir como nexo para completar las obras de un CD que estaba en proceso de ser lanzado. Era necesaria una obra que recopilara las t\u00e9cnicas y nociones de las otras composiciones del \u00e1lbum en cuesti\u00f3n. Aunque esta noci\u00f3n no sirva de mucho para el an\u00e1lisis, una escucha completa del CD \u201cmomentum\u201d nos puede dar una mejor idea de la intenci\u00f3n del compositor.[6] Sin embargo la obra funciona como unidad, que por deducci\u00f3n l\u00f3gica, termina induciendo que el CD es una gran obra con partes que pueden o no funcionar independientemente. Esta cuesti\u00f3n se refiere al cuarto estadio en la creatividad mencionado en la introducci\u00f3n de la tesis.<\/h5>\n<h5>Adem\u00e1s de haber sido escogida por esta cualidad para el an\u00e1lisis, resume muy bien la intenci\u00f3n del compositor actual. Explorar los sonidos a un nivel extremo dando una capa conceptual a este proceso la cual, seguramente, ha de convertirse en un tipo de validaci\u00f3n est\u00e9tica a posteriori requerida por el mercado art\u00edstico al que estamos habituados.[7]<\/h5>\n<h5><img loading=\"lazy\" class=\"alignnone wp-image-263\" src=\"http:\/\/kuljuntausta.com\/wp-content\/uploads\/2016\/10\/Mixing_of_Four_Notes_By_Petri_Kuljuntausta-300x139.jpg\" alt=\"mixing_of_four_notes_by_petri_kuljuntausta\" width=\"397\" height=\"184\" \/><br \/>\nMixing of Four Notes by Petri_Kuljuntausta<\/h5>\n<h5>En la ilustraci\u00f3n vemos el proceso de \u201cmontage\u201d[8] para la obtenci\u00f3n de Four notes. La edici\u00f3n de la obra es similar al de cualquier obra electroac\u00fastica que se est\u00e9 componiendo con programas de computadora; un manejo arbitrario en la ubicaci\u00f3n temporal de varios sonidos. La obra se consolida a trav\u00e9s de la \u201cbuena\u201d utilizaci\u00f3n de estas herramientas de montage.[9]<\/h5>\n<h5><img loading=\"lazy\" class=\"alignnone wp-image-264\" src=\"http:\/\/kuljuntausta.com\/wp-content\/uploads\/2016\/10\/Final_Soundwave_of_Four_Notes_By_Petri_Kuljuntausta-300x57.jpg\" alt=\"final_soundwave_of_four_notes_by_petri_kuljuntausta\" width=\"400\" height=\"76\" \/><br \/>\nFinal Soundwave of Four Notes by Petri Kuljuntausta<\/h5>\n<h5>Aqu\u00ed observamos la mezcla final de la obra en la que se muestran dos filas semejantes que representan el una gr\u00e1fica en donde la l\u00ednea horizontal es el tiempo y la l\u00ednea vertical la amplitud o volumen del sonido es ese momento horizontal y en cada fila por separado. Son dos filas ya que la obra se realiza de manera estereof\u00f3nica, es decir, suenan dos partes diferentes para ser reproducidas en dos bocinas diferentes.[10]<\/h5>\n<h5>Aunque esta obra est\u00e9 considerada como \u201cambiental\u201d, su denotaci\u00f3n est\u00e1 lejos de ser peyorativa. Su sutileza muestra el ideal de la composici\u00f3n moderna. El estilo, la funci\u00f3n, la forma, melod\u00eda, r\u00edtmo, etc. son par\u00e1metros que en m\u00fasicas como esta est\u00e1n relegados al desarrollo fino de una intenci\u00f3n sonora que va m\u00e1s all\u00e1 de los mismos. Estas t\u00e9cnicas pululan en Europa y la m\u00fasica de occidente en donde se busca, a trav\u00e9s de tanto la electroac\u00fastica, como la complejidad, el minimalismo, etc., un desarrollo \u00f3ptimo de las sonoridades que se utilizan en la consolidaci\u00f3n de una obra musical.<\/h5>\n<h5>En esta nada se deja al libre arbitrio. A la inversa; Desde el arbitrio propio de la muestra obtenida,[11] se le ubica en un contexto sonoro que se adecue a la intenci\u00f3n del compositor. Si el resultado gusta o no, depende enteramente de la noci\u00f3n de m\u00fasico no pudiendo ser entendida bajo la pericia artesanal (detalle anexo en un segundo estadio de la creaci\u00f3n), sino en la pericia musical que se obtiene en la continuidad, en la presencia y en la impresi\u00f3n que nos deja la m\u00fasica.<\/h5>\n<hr \/>\n<p>[1] \u00danica raz\u00f3n necesaria para utilizar sonidos de cuerdas. Aqu\u00ed es importante recalcar el hecho de que las composiciones actuales se basan en la practicidad y acceso a lo que \u201cest\u00e1 sonando\u201d alrededor del compositor. Similar al proceso instrumental en el per\u00edodo Barroco. El \u201crespetar lo que la obra necesita\u201d en cuestiones t\u00edmbricas se refiere \u00fanicamente a un tipo de est\u00e9tica instrumental y no hace mella en la calidad referente a la intenci\u00f3n musical del compositor.<\/p>\n<p>[2] Las nociones de \u201cexpansi\u00f3n\u201d en el arte son ampliamente discutidas por Jurgen Klaus en su libro \u201cel arte en expansi\u00f3n\u201d.<\/p>\n<p>[3] Sonidos que pudo haber re-contextualizado. Esta selecci\u00f3n implica una post-conceptualizaci\u00f3n de los sonidos ya en un sentido formal y con miras a un resultado espec\u00edfico en forma de estructura o arquitectura. El arquitecto no planea un rascacielos de paja (primeramente).<\/p>\n<p>[4] El compositor define a su cuarteto de cuerdas como un r\u00edo y a este proceso como tomar un vaso de agua del mismo para con \u00e9l provocar otro tipo de enfoque (como un prisma). Su obra Canvas tiene esta concepci\u00f3n en su t\u00edtulo; la idea de, a trav\u00e9s de enfocarse, crear otro lienzo.<\/p>\n<p>[5] Recordar la falsa diferenciaci\u00f3n que se hace de los sonidos obtenidos electr\u00f3nicamente. Es bueno tambi\u00e9n recordar que al fin y al cabo estas tecnolog\u00edas buscan lo mismo musicalmente hablando. La \u00fanica diferencia es que una se hace de la invenci\u00f3n de la electricidad para esto.<\/p>\n<p>[6] No dispongo de los derechos de obsequiar este \u00e1lbum para un an\u00e1lisis m\u00e1s furtivo con lo que el lector deber\u00e1 confiar en lo escrito o dirigirse al compositor para comprar el CD.<\/p>\n<p>[7] El cual se explora en el apartado \u201cmonetizaci\u00f3n\u201d m\u00e1s adelante en la tesis.<\/p>\n<p>[8] Montage es el t\u00e9rmino franc\u00e9s con el que se designa el proceso de ensamblaje con el que se logra la obra. Fue acu\u00f1ado por primera vez por cineastas como Sergei Eisenstein y Koulechov (ver \u201cefecto Koulechov\u201d)<\/p>\n<p>[9] Se hace hincapi\u00e9 en no utilizar la palabra \u201ccollage\u201d la cual en Franc\u00e9s denota la pr\u00e1ctica artesanal de una tarea no siempre gustosa.<\/p>\n<p>[10] Para un mayor entendimiento de la terminolog\u00eda es mejor referirse al glosario o a la bibliograf\u00eda donde se ofrecen opciones de esclarecer dudas en estos t\u00e9rminos.<\/p>\n<p>[11] Refiri\u00e9ndose al conjunto de imprevisiones que conforman la muestra de sonido.<\/p>\n<p><\/p>","protected":false},"excerpt":{"rendered":"<p>Patricio Federico Calatayud: Creaci\u00f3n e Intenci\u00f3n, Arte y Gesto. An\u00e1lisis de Four Notes (Cuatro notas) del compositor Petri Kuljuntausta 2013 &nbsp; Es, en escencia, una obra que explora y explota las texturas que se pueden obtener de s\u00f3lo cuatro simples notas extra\u00eddas de una grabaci\u00f3n que es interpretada por un cuarteto de cuerdas. A trav\u00e9s&hellip;<\/p>\n","protected":false},"author":1,"featured_media":0,"parent":0,"menu_order":0,"comment_status":"closed","ping_status":"closed","template":"","meta":{"spay_email":""},"yoast_head":"<!-- This site is optimized with the Yoast SEO plugin v15.4 - https:\/\/yoast.com\/wordpress\/plugins\/seo\/ -->\n<title>Calatayud-analysis - Petri Kuljuntausta<\/title>\n<meta name=\"robots\" content=\"index, follow, max-snippet:-1, max-image-preview:large, max-video-preview:-1\" \/>\n<link rel=\"canonical\" href=\"http:\/\/kuljuntausta.com\/index.php\/calatayud-analysis\/\" \/>\n<meta property=\"og:locale\" content=\"en_GB\" \/>\n<meta property=\"og:type\" content=\"article\" \/>\n<meta property=\"og:title\" content=\"Calatayud-analysis - Petri Kuljuntausta\" \/>\n<meta property=\"og:description\" content=\"Patricio Federico Calatayud: Creaci\u00f3n e Intenci\u00f3n, Arte y Gesto. An\u00e1lisis de Four Notes (Cuatro notas) del compositor Petri Kuljuntausta 2013 &nbsp; Es, en escencia, una obra que explora y explota las texturas que se pueden obtener de s\u00f3lo cuatro simples notas extra\u00eddas de una grabaci\u00f3n que es interpretada por un cuarteto de cuerdas. A trav\u00e9s&hellip;\" \/>\n<meta property=\"og:url\" content=\"http:\/\/kuljuntausta.com\/index.php\/calatayud-analysis\/\" \/>\n<meta property=\"og:site_name\" content=\"Petri Kuljuntausta\" \/>\n<meta property=\"article:modified_time\" content=\"2016-10-02T20:49:16+00:00\" \/>\n<meta property=\"og:image\" content=\"http:\/\/kuljuntausta.com\/wp-content\/uploads\/2016\/10\/Mixing_of_Four_Notes_By_Petri_Kuljuntausta-300x139.jpg\" \/>\n<meta name=\"twitter:card\" content=\"summary\" \/>\n<meta name=\"twitter:label1\" content=\"Written by\">\n\t<meta name=\"twitter:data1\" content=\"PK13425-OVH\">\n\t<meta name=\"twitter:label2\" content=\"Estimated reading time\">\n\t<meta name=\"twitter:data2\" content=\"6 minutes\">\n<script type=\"application\/ld+json\" class=\"yoast-schema-graph\">{\"@context\":\"https:\/\/schema.org\",\"@graph\":[{\"@type\":\"WebSite\",\"@id\":\"https:\/\/kuljuntausta.com\/#website\",\"url\":\"https:\/\/kuljuntausta.com\/\",\"name\":\"Petri Kuljuntausta\",\"description\":\"\",\"potentialAction\":[{\"@type\":\"SearchAction\",\"target\":\"https:\/\/kuljuntausta.com\/?s={search_term_string}\",\"query-input\":\"required name=search_term_string\"}],\"inLanguage\":\"en-GB\"},{\"@type\":\"ImageObject\",\"@id\":\"http:\/\/kuljuntausta.com\/index.php\/calatayud-analysis\/#primaryimage\",\"inLanguage\":\"en-GB\",\"url\":\"http:\/\/kuljuntausta.com\/wp-content\/uploads\/2016\/10\/Mixing_of_Four_Notes_By_Petri_Kuljuntausta.jpg\",\"width\":857,\"height\":397},{\"@type\":\"WebPage\",\"@id\":\"http:\/\/kuljuntausta.com\/index.php\/calatayud-analysis\/#webpage\",\"url\":\"http:\/\/kuljuntausta.com\/index.php\/calatayud-analysis\/\",\"name\":\"Calatayud-analysis - Petri Kuljuntausta\",\"isPartOf\":{\"@id\":\"https:\/\/kuljuntausta.com\/#website\"},\"primaryImageOfPage\":{\"@id\":\"http:\/\/kuljuntausta.com\/index.php\/calatayud-analysis\/#primaryimage\"},\"datePublished\":\"2016-10-02T20:44:40+00:00\",\"dateModified\":\"2016-10-02T20:49:16+00:00\",\"inLanguage\":\"en-GB\",\"potentialAction\":[{\"@type\":\"ReadAction\",\"target\":[\"http:\/\/kuljuntausta.com\/index.php\/calatayud-analysis\/\"]}]}]}<\/script>\n<!-- \/ Yoast SEO plugin. -->","jetpack_sharing_enabled":true,"jetpack_shortlink":"https:\/\/wp.me\/P7UaIW-4e","_links":{"self":[{"href":"http:\/\/kuljuntausta.com\/index.php\/wp-json\/wp\/v2\/pages\/262"}],"collection":[{"href":"http:\/\/kuljuntausta.com\/index.php\/wp-json\/wp\/v2\/pages"}],"about":[{"href":"http:\/\/kuljuntausta.com\/index.php\/wp-json\/wp\/v2\/types\/page"}],"author":[{"embeddable":true,"href":"http:\/\/kuljuntausta.com\/index.php\/wp-json\/wp\/v2\/users\/1"}],"replies":[{"embeddable":true,"href":"http:\/\/kuljuntausta.com\/index.php\/wp-json\/wp\/v2\/comments?post=262"}],"version-history":[{"count":4,"href":"http:\/\/kuljuntausta.com\/index.php\/wp-json\/wp\/v2\/pages\/262\/revisions"}],"predecessor-version":[{"id":270,"href":"http:\/\/kuljuntausta.com\/index.php\/wp-json\/wp\/v2\/pages\/262\/revisions\/270"}],"wp:attachment":[{"href":"http:\/\/kuljuntausta.com\/index.php\/wp-json\/wp\/v2\/media?parent=262"}],"curies":[{"name":"wp","href":"https:\/\/api.w.org\/{rel}","templated":true}]}}