{"id":272,"date":"2016-10-03T02:08:32","date_gmt":"2016-10-02T23:08:32","guid":{"rendered":"http:\/\/kuljuntausta.com\/?page_id=272"},"modified":"2016-10-03T02:11:05","modified_gmt":"2016-10-02T23:11:05","slug":"taustakohinaa","status":"publish","type":"page","link":"http:\/\/kuljuntausta.com\/index.php\/taustakohinaa\/","title":{"rendered":"Taustakohinaa"},"content":{"rendered":"<hr \/>\n<h1 class=\"post-title\">Olli Sulopuisto: Taustakohinaa. Petri Kuljuntaustan haastattelu<\/h1>\n<div class=\"post-body\">\n<div><\/div>\n<h3>\u00a010.10.2005<\/h3>\n<p>&nbsp;<\/p>\n<h5><b><\/b>Petri Kuljuntaustan lisensiaatinty\u00f6 lienee maailman laajin cd-kansilehdykk\u00e4. <a href=\"http:\/\/www.like.fi\/\">Liken<\/a> julkaisema 793-sivuinen <b><i>On\/Off \u00ad eetteri\u00e4\u00e4nist\u00e4 s\u00e4hk\u00f6musiikkiin <\/i><\/b>sai nimitt\u00e4in alkunsa Kiasman mediataiteen intendentin Perttu Rastaan kanssa k\u00e4ydyst\u00e4 keskustelusta, jonka tavoitteena ei suinkaan ollut akateeminen opinn\u00e4yte.<\/h5>\n<p>&#8220;Heitin keskustelun j\u00e4lkeen, ett\u00e4 on se harmi, kun meill\u00e4 ei ole elektronisen musiikin varhaishistoriaa. H\u00e4n sitten kysyi, ett\u00e4 jos Kiasma tukee, koostanko cd:n&#8221;, Kuljuntausta muistelee.<\/p>\n<p>Kuljuntausta oli tehnyt aiheesta Ylelle radio-ohjelmia, joten h\u00e4nell\u00e4 oli tuntumaa materiaaliin jo ennest\u00e4\u00e4n. Vaatimattomaksi aiottu projekti alkoi kuitenkin paisua.<\/p>\n<p>&#8220;Ideana oli, ett\u00e4 kokoan cdllisen biisej\u00e4 ja kirjoitan booklet-tekstin. Kirjoittamisen my\u00f6t\u00e4 kommentoin, ett\u00e4 teksti\u00e4 olisi tulossa v\u00e4h\u00e4n enemm\u00e4nkin. Lopulta havahduimme siihen, ett\u00e4 materiaalista tulisi ihan oikeasti kirja.&#8221;<\/p>\n<p>Elokuun loppupuolella musiikkitieteen lisensiaatinty\u00f6ksi hyv\u00e4ksytty <i>On\/Off <\/i>jakautuu useaan osaan, jonka lis\u00e4ksi sen mukana tulee teoksia esittelev\u00e4 cd. Kirjassa k\u00e4yd\u00e4\u00e4n l\u00e4pi s\u00e4hk\u00f6musiikin historiaa tekniselt\u00e4 kannalta sek\u00e4 suomalaisen studioty\u00f6skentelyn alkuvaiheet ja esitell\u00e4\u00e4n alkuvaiheen keskeiset muusikot. Lis\u00e4ksi kirjassa on siteerattu ahkerasti aikalaisten kommentteja.<\/p>\n<p>&#8220;Halusin tuoda ajankuvaa esiin. Se tarjoaa lukijalle paitsi dataa, my\u00f6s kertoo rivien v\u00e4liss\u00e4 ennakko-oletuksista&#8221;, Kuljuntausta selitt\u00e4\u00e4.<\/p>\n<p>Elektroninen musiikki kiinnosti s\u00e4velt\u00e4ji\u00e4 kahdesta syyst\u00e4. Ensinn\u00e4kin se tarjosi uusia l\u00e4ht\u00f6kohtia musiikkiin, ja toisaalta se oli irtiotto vanhasta sulkupolvesta.<\/p>\n<p>Kirja kattaa s\u00e4hk\u00f6musiikin niin sanotun ensimm\u00e4isen aallon, joka kesti vuoteen 1964. &#8220;Siin\u00e4 vaiheessa studioissa puuhailleet tekij\u00e4t alkoivat tajuta, miten valtava ty\u00f6m\u00e4\u00e4r\u00e4 sen musiikin tekemisess\u00e4 oli, eik\u00e4 keikkapaikkojakaan oikein ollut&#8221;, Kuljuntausta selitt\u00e4\u00e4 ensimm\u00e4isen aallon hiipumisen syit\u00e4.<\/p>\n<p>Kuljuntausta harmittelee, ett\u00e4 harvalla tutkijalla on mahdollisuus penkoa Yleisradion arkistoja, sill\u00e4 se oli keskeinen osa <i>On\/Offin <\/i>synty\u00e4. Sattumallakin oli osansa arkistoty\u00f6ss\u00e4. Esimerkiksi ensimm\u00e4isen Suomessa elektronimusiikista k\u00e4ydyn radiokeskustelun esitt\u00e4misajankohdan h\u00e4n j\u00e4ljitti lehtitietojen perusteella, mutta itse ohjelman l\u00f6ytyminen oli onnekas sattuma.<\/p>\n<p>&#8220;Lis\u00e4ksi sielt\u00e4 l\u00f6ytyi <b>Stockhausenin <\/b>haastattelu, ihan raakanauha, vuodelta 1961. Se ei ollut Stockhausenin nimell\u00e4 arkistoitu. L\u00e4hetin siit\u00e4 kopion h\u00e4nelle ja sain tiedon, ett\u00e4 se liitet\u00e4\u00e4n osaksi h\u00e4nen julkaisusarjaansa&#8221;, Kuljuntausta kertoo.<\/p>\n<p>Useat Kuljuntaustan haastattelemista pioneereista ovat nyt 60\u00ad70-vuotiaita. &#8220;Siit\u00e4 tuli ty\u00f6h\u00f6n vakavakin pohjavire, kun tajusin, ett\u00e4 mulla on viel\u00e4 mahdollisuus jutella heid\u00e4n kanssaan.&#8221;<\/p>\n<p>Kustantajan kanssa oli liev\u00e4\u00e4 k\u00e4denv\u00e4\u00e4nt\u00f6\u00e4 siit\u00e4, ett\u00e4 Kuljuntausta sai l\u00e4hdeviitteet mukaan teokseen. Tavoitteena oli koostaa helppolukuinen kirja, joka olisi kuitenkin kauttaaltaan dokumentoitu. &#8220;En ajatellut, ett\u00e4 siit\u00e4 tulisi yliopistollinen opinn\u00e4ytety\u00f6, mutta niin k\u00e4vi&#8221;, Kuljuntausta pohdiskelee.<\/p>\n<p>Kuljuntaustan kiinnostus historiaan kumpuaa osaltaan omasta musiikin tekemisest\u00e4. Juurten tunteminen ja oman paikkansa hahmottaminen on t\u00e4rke\u00e4\u00e4, sill\u00e4 elektronisen musiikin kentt\u00e4 on nyky\u00e4\u00e4n niin laaja, h\u00e4n sanoo. Opiskeluaikoinaan Kuljuntausta soitti b\u00e4ndeiss\u00e4, mutta veri veti omalaatuisemman \u00e4\u00e4nimaailman puoleen.<\/p>\n<p>&#8220;Mulla on soittajatausta, mutta jotenkin olen aina ollut kiinnostunut \u00e4\u00e4nist\u00e4. Kun kuulin <b>Jimi Hendrixi\u00e4<\/b>, siin\u00e4 kiinnosti feedback eik\u00e4 niink\u00e4\u00e4n biisit. Aloin kokea s\u00e4velpohjaisen musiikin tavallaan rasitteeksi. Toki kuuntelen monenlaista musiikkia, ja yrit\u00e4n kulkea korvat avoinna&#8221;, h\u00e4n kertoo.<\/p>\n<p>&#8220;Elektronisen musiikin historia on monesti sit\u00e4, ett\u00e4 k\u00e4ytet\u00e4\u00e4n laitteita v\u00e4\u00e4rin. T\u00e4n\u00e4 p\u00e4iv\u00e4n\u00e4 on se ongelma, ett\u00e4 tietokoneiden mukana tulee niin hienot setupit, ett\u00e4 99 prosenttia kamasta kuulostaa samalta.&#8221;<\/p>\n<p>&#8220;Jos joku on sit\u00e4 mielt\u00e4, ett\u00e4 musiikki on melodioita ja rytmi\u00e4, niin ok. Mutta on s\u00e4\u00e4li, jos m\u00e4\u00e4ritelm\u00e4 on niin rajoittunut. M\u00e4 yrit\u00e4n tavoittaa ennen kaikkea musiikin esteettisyyden, eik\u00e4 siin\u00e4 ole edes t\u00e4rke\u00e4\u00e4, onko \u00e4\u00e4ni\u00e4 jotenkin organisoitu, vai ovatko ne luonnon synnytt\u00e4mi\u00e4&#8221;, Kuljuntausta sanoo.<\/p>\n<\/div>\n<p><\/p>","protected":false},"excerpt":{"rendered":"<p>Olli Sulopuisto: Taustakohinaa. Petri Kuljuntaustan haastattelu \u00a010.10.2005 &nbsp; Petri Kuljuntaustan lisensiaatinty\u00f6 lienee maailman laajin cd-kansilehdykk\u00e4. Liken julkaisema 793-sivuinen On\/Off \u00ad eetteri\u00e4\u00e4nist\u00e4 s\u00e4hk\u00f6musiikkiin sai nimitt\u00e4in alkunsa Kiasman mediataiteen intendentin Perttu Rastaan kanssa k\u00e4ydyst\u00e4 keskustelusta, jonka tavoitteena ei suinkaan ollut akateeminen opinn\u00e4yte. &#8220;Heitin keskustelun j\u00e4lkeen, ett\u00e4 on se harmi, kun meill\u00e4 ei ole elektronisen musiikin varhaishistoriaa. H\u00e4n&hellip;<\/p>\n","protected":false},"author":1,"featured_media":0,"parent":0,"menu_order":0,"comment_status":"closed","ping_status":"closed","template":"","meta":{"spay_email":""},"yoast_head":"<!-- This site is optimized with the Yoast SEO plugin v15.4 - https:\/\/yoast.com\/wordpress\/plugins\/seo\/ -->\n<title>Taustakohinaa - Petri Kuljuntausta<\/title>\n<meta name=\"robots\" content=\"index, follow, max-snippet:-1, max-image-preview:large, max-video-preview:-1\" \/>\n<link rel=\"canonical\" href=\"http:\/\/kuljuntausta.com\/index.php\/taustakohinaa\/\" \/>\n<meta property=\"og:locale\" content=\"en_GB\" \/>\n<meta property=\"og:type\" content=\"article\" \/>\n<meta property=\"og:title\" content=\"Taustakohinaa - Petri Kuljuntausta\" \/>\n<meta property=\"og:description\" content=\"Olli Sulopuisto: Taustakohinaa. Petri Kuljuntaustan haastattelu \u00a010.10.2005 &nbsp; Petri Kuljuntaustan lisensiaatinty\u00f6 lienee maailman laajin cd-kansilehdykk\u00e4. Liken julkaisema 793-sivuinen On\/Off \u00ad eetteri\u00e4\u00e4nist\u00e4 s\u00e4hk\u00f6musiikkiin sai nimitt\u00e4in alkunsa Kiasman mediataiteen intendentin Perttu Rastaan kanssa k\u00e4ydyst\u00e4 keskustelusta, jonka tavoitteena ei suinkaan ollut akateeminen opinn\u00e4yte. &#8220;Heitin keskustelun j\u00e4lkeen, ett\u00e4 on se harmi, kun meill\u00e4 ei ole elektronisen musiikin varhaishistoriaa. H\u00e4n&hellip;\" \/>\n<meta property=\"og:url\" content=\"http:\/\/kuljuntausta.com\/index.php\/taustakohinaa\/\" \/>\n<meta property=\"og:site_name\" content=\"Petri Kuljuntausta\" \/>\n<meta property=\"article:modified_time\" content=\"2016-10-02T23:11:05+00:00\" \/>\n<meta name=\"twitter:card\" content=\"summary\" \/>\n<meta name=\"twitter:label1\" content=\"Written by\">\n\t<meta name=\"twitter:data1\" content=\"PK13425-OVH\">\n\t<meta name=\"twitter:label2\" content=\"Estimated reading time\">\n\t<meta name=\"twitter:data2\" content=\"2 minutes\">\n<script type=\"application\/ld+json\" class=\"yoast-schema-graph\">{\"@context\":\"https:\/\/schema.org\",\"@graph\":[{\"@type\":\"WebSite\",\"@id\":\"http:\/\/kuljuntausta.com\/#website\",\"url\":\"http:\/\/kuljuntausta.com\/\",\"name\":\"Petri Kuljuntausta\",\"description\":\"\",\"potentialAction\":[{\"@type\":\"SearchAction\",\"target\":\"http:\/\/kuljuntausta.com\/?s={search_term_string}\",\"query-input\":\"required name=search_term_string\"}],\"inLanguage\":\"en-GB\"},{\"@type\":\"WebPage\",\"@id\":\"http:\/\/kuljuntausta.com\/index.php\/taustakohinaa\/#webpage\",\"url\":\"http:\/\/kuljuntausta.com\/index.php\/taustakohinaa\/\",\"name\":\"Taustakohinaa - Petri Kuljuntausta\",\"isPartOf\":{\"@id\":\"http:\/\/kuljuntausta.com\/#website\"},\"datePublished\":\"2016-10-02T23:08:32+00:00\",\"dateModified\":\"2016-10-02T23:11:05+00:00\",\"inLanguage\":\"en-GB\",\"potentialAction\":[{\"@type\":\"ReadAction\",\"target\":[\"http:\/\/kuljuntausta.com\/index.php\/taustakohinaa\/\"]}]}]}<\/script>\n<!-- \/ Yoast SEO plugin. -->","jetpack_sharing_enabled":true,"jetpack_shortlink":"https:\/\/wp.me\/P7UaIW-4o","_links":{"self":[{"href":"http:\/\/kuljuntausta.com\/index.php\/wp-json\/wp\/v2\/pages\/272"}],"collection":[{"href":"http:\/\/kuljuntausta.com\/index.php\/wp-json\/wp\/v2\/pages"}],"about":[{"href":"http:\/\/kuljuntausta.com\/index.php\/wp-json\/wp\/v2\/types\/page"}],"author":[{"embeddable":true,"href":"http:\/\/kuljuntausta.com\/index.php\/wp-json\/wp\/v2\/users\/1"}],"replies":[{"embeddable":true,"href":"http:\/\/kuljuntausta.com\/index.php\/wp-json\/wp\/v2\/comments?post=272"}],"version-history":[{"count":2,"href":"http:\/\/kuljuntausta.com\/index.php\/wp-json\/wp\/v2\/pages\/272\/revisions"}],"predecessor-version":[{"id":275,"href":"http:\/\/kuljuntausta.com\/index.php\/wp-json\/wp\/v2\/pages\/272\/revisions\/275"}],"wp:attachment":[{"href":"http:\/\/kuljuntausta.com\/index.php\/wp-json\/wp\/v2\/media?parent=272"}],"curies":[{"name":"wp","href":"https:\/\/api.w.org\/{rel}","templated":true}]}}