{"id":285,"date":"2016-10-03T13:36:29","date_gmt":"2016-10-03T10:36:29","guid":{"rendered":"http:\/\/kuljuntausta.com\/?page_id=285"},"modified":"2016-10-03T13:36:29","modified_gmt":"2016-10-03T10:36:29","slug":"audiovisuaalisia-tarinoita","status":"publish","type":"page","link":"http:\/\/kuljuntausta.com\/index.php\/audiovisuaalisia-tarinoita\/","title":{"rendered":"Audiovisuaalisia tarinoita"},"content":{"rendered":"<hr \/>\n<h1 id=\"page-title\" class=\"title\">Sirpa Jokinen: Audiovisuaalisia tarinoita, Audiovisual Stories<\/h1>\n<div id=\"main-content\" class=\"clearfix\">\n<div class=\"region region-content\">\n<div id=\"block-system-main\" class=\"block block-system\">\n<div class=\"content\">\n<div id=\"node-35366\" class=\"node node-artikkeli clearfix\">\n<div class=\"content\">\n<div class=\"field field-name-body field-type-text-with-summary field-label-hidden\">\n<div class=\"field-items\">\n<div class=\"field-item even\">\n<h3>18.11.2005, Mustekala<\/h3>\n<h3>Dinah Bird, Petri Kuljuntausta, Maria Frepoli<\/h3>\n<hr \/>\n<h5>Petri Kuljuntausta:<\/h5>\n<h5>Kuukausi sitten matkustin junalla ja pys\u00e4hdyin Tampereen asemalla keskip\u00e4iv\u00e4n tienoilla. Samalla hetkell\u00e4 kun olin astumassa ulos junasta alkoi kuulua v\u00e4hitellen matalalta l\u00e4htev\u00e4 glissando h\u00e4lytys\u00e4\u00e4ni kovaa ja tehokkaasti.<\/h5>\n<h5>\nEilen olin taas matkalla, t\u00e4ll\u00e4 kertaa varustautuneena nauhoituslaitteiden kanssa ja aikomuksenani tallentaa sireenin \u00e4\u00e4ni. Kello oli paria minuuttia vaille keskip\u00e4iv\u00e4n seistess\u00e4ni laitteet valmiina asemalla. Odotin, mutta \u00e4\u00e4nt\u00e4 ei tullutkaan.<\/h5>\n<h5>\nT\u00e4n\u00e4\u00e4n otin yhteytt\u00e4 tamperelaisiin tuttaviini ja sain selville, ett\u00e4 sireeni soitetaankin jo varttia vaille keskip\u00e4iv\u00e4n joka maanantai. Juna, jolla matkustan, ehtii asemalle toisinaan \u00e4\u00e4nen viel\u00e4 kuuluessa, toisinaan my\u00f6hemmin.<\/h5>\n<h5>\nOdottaessani \u00e4\u00e4nt\u00e4 kaikki aistit valppaina, ihmisi\u00e4 ja junia kulki ohi, taustalla rautatieaseman \u00e4\u00e4nimaisema. Mietin my\u00f6s, milt\u00e4 sireeni n\u00e4ytt\u00e4\u00e4, miten iso se on ja ett\u00e4 \u00e4\u00e4nen t\u00e4ytyy kuulua kauas.<\/h5>\n<h5>T\u00e4m\u00e4 oli minulle erityisen tilallinen kokemus.<\/h5>\n<h5>\nJohn Cage on s\u00e4velt\u00e4nyt teoksen nimelt\u00e4 \u201dImaginary Landscapes No.1\u201d vuonna 1939. Se on varhaisimpia esimerkkej\u00e4 teoksesta, miss\u00e4 k\u00e4ytet\u00e4\u00e4n elektronista \u00e4\u00e4nt\u00e4. H\u00e4n k\u00e4ytti teoksessaan levytetty\u00e4 suoraa sini\u00e4\u00e4nt\u00e4 (jota yleens\u00e4 k\u00e4ytettiin teknologisena apuv\u00e4lineen\u00e4 mittauksissa) muuttamalla sen kierrosnopeutta tavalla, joka kuulostaa t\u00e4sm\u00e4lleen samalta kuin Tampereen sireeni\u00e4\u00e4ni.<\/h5>\n<h5>Puhelimessa kerrotun pohjalta kirjoittanut Sirpa Jokinen<\/h5>\n<\/div>\n<\/div>\n<\/div>\n<\/div>\n<\/div>\n<\/div>\n<\/div>\n<\/div>\n<\/div>\n<p><\/p>","protected":false},"excerpt":{"rendered":"<p>Sirpa Jokinen: Audiovisuaalisia tarinoita, Audiovisual Stories 18.11.2005, Mustekala Dinah Bird, Petri Kuljuntausta, Maria Frepoli Petri Kuljuntausta: Kuukausi sitten matkustin junalla ja pys\u00e4hdyin Tampereen asemalla keskip\u00e4iv\u00e4n tienoilla. Samalla hetkell\u00e4 kun olin astumassa ulos junasta alkoi kuulua v\u00e4hitellen matalalta l\u00e4htev\u00e4 glissando h\u00e4lytys\u00e4\u00e4ni kovaa ja tehokkaasti. Eilen olin taas matkalla, t\u00e4ll\u00e4 kertaa varustautuneena nauhoituslaitteiden kanssa ja aikomuksenani tallentaa&hellip;<\/p>\n","protected":false},"author":1,"featured_media":0,"parent":0,"menu_order":0,"comment_status":"closed","ping_status":"closed","template":"","meta":{"spay_email":""},"yoast_head":"<!-- This site is optimized with the Yoast SEO plugin v15.4 - https:\/\/yoast.com\/wordpress\/plugins\/seo\/ -->\n<title>Audiovisuaalisia tarinoita - Petri Kuljuntausta<\/title>\n<meta name=\"robots\" content=\"index, follow, max-snippet:-1, max-image-preview:large, max-video-preview:-1\" \/>\n<link rel=\"canonical\" href=\"http:\/\/kuljuntausta.com\/index.php\/audiovisuaalisia-tarinoita\/\" \/>\n<meta property=\"og:locale\" content=\"en_GB\" \/>\n<meta property=\"og:type\" content=\"article\" \/>\n<meta property=\"og:title\" content=\"Audiovisuaalisia tarinoita - Petri Kuljuntausta\" \/>\n<meta property=\"og:description\" content=\"Sirpa Jokinen: Audiovisuaalisia tarinoita, Audiovisual Stories 18.11.2005, Mustekala Dinah Bird, Petri Kuljuntausta, Maria Frepoli Petri Kuljuntausta: Kuukausi sitten matkustin junalla ja pys\u00e4hdyin Tampereen asemalla keskip\u00e4iv\u00e4n tienoilla. Samalla hetkell\u00e4 kun olin astumassa ulos junasta alkoi kuulua v\u00e4hitellen matalalta l\u00e4htev\u00e4 glissando h\u00e4lytys\u00e4\u00e4ni kovaa ja tehokkaasti. Eilen olin taas matkalla, t\u00e4ll\u00e4 kertaa varustautuneena nauhoituslaitteiden kanssa ja aikomuksenani tallentaa&hellip;\" \/>\n<meta property=\"og:url\" content=\"http:\/\/kuljuntausta.com\/index.php\/audiovisuaalisia-tarinoita\/\" \/>\n<meta property=\"og:site_name\" content=\"Petri Kuljuntausta\" \/>\n<meta name=\"twitter:card\" content=\"summary\" \/>\n<meta name=\"twitter:label1\" content=\"Written by\">\n\t<meta name=\"twitter:data1\" content=\"PK13425-OVH\">\n\t<meta name=\"twitter:label2\" content=\"Estimated reading time\">\n\t<meta name=\"twitter:data2\" content=\"1 minute\">\n<script type=\"application\/ld+json\" class=\"yoast-schema-graph\">{\"@context\":\"https:\/\/schema.org\",\"@graph\":[{\"@type\":\"WebSite\",\"@id\":\"https:\/\/kuljuntausta.com\/#website\",\"url\":\"https:\/\/kuljuntausta.com\/\",\"name\":\"Petri Kuljuntausta\",\"description\":\"\",\"potentialAction\":[{\"@type\":\"SearchAction\",\"target\":\"https:\/\/kuljuntausta.com\/?s={search_term_string}\",\"query-input\":\"required name=search_term_string\"}],\"inLanguage\":\"en-GB\"},{\"@type\":\"WebPage\",\"@id\":\"http:\/\/kuljuntausta.com\/index.php\/audiovisuaalisia-tarinoita\/#webpage\",\"url\":\"http:\/\/kuljuntausta.com\/index.php\/audiovisuaalisia-tarinoita\/\",\"name\":\"Audiovisuaalisia tarinoita - Petri Kuljuntausta\",\"isPartOf\":{\"@id\":\"https:\/\/kuljuntausta.com\/#website\"},\"datePublished\":\"2016-10-03T10:36:29+00:00\",\"dateModified\":\"2016-10-03T10:36:29+00:00\",\"inLanguage\":\"en-GB\",\"potentialAction\":[{\"@type\":\"ReadAction\",\"target\":[\"http:\/\/kuljuntausta.com\/index.php\/audiovisuaalisia-tarinoita\/\"]}]}]}<\/script>\n<!-- \/ Yoast SEO plugin. -->","jetpack_sharing_enabled":true,"jetpack_shortlink":"https:\/\/wp.me\/P7UaIW-4B","_links":{"self":[{"href":"http:\/\/kuljuntausta.com\/index.php\/wp-json\/wp\/v2\/pages\/285"}],"collection":[{"href":"http:\/\/kuljuntausta.com\/index.php\/wp-json\/wp\/v2\/pages"}],"about":[{"href":"http:\/\/kuljuntausta.com\/index.php\/wp-json\/wp\/v2\/types\/page"}],"author":[{"embeddable":true,"href":"http:\/\/kuljuntausta.com\/index.php\/wp-json\/wp\/v2\/users\/1"}],"replies":[{"embeddable":true,"href":"http:\/\/kuljuntausta.com\/index.php\/wp-json\/wp\/v2\/comments?post=285"}],"version-history":[{"count":1,"href":"http:\/\/kuljuntausta.com\/index.php\/wp-json\/wp\/v2\/pages\/285\/revisions"}],"predecessor-version":[{"id":286,"href":"http:\/\/kuljuntausta.com\/index.php\/wp-json\/wp\/v2\/pages\/285\/revisions\/286"}],"wp:attachment":[{"href":"http:\/\/kuljuntausta.com\/index.php\/wp-json\/wp\/v2\/media?parent=285"}],"curies":[{"name":"wp","href":"https:\/\/api.w.org\/{rel}","templated":true}]}}