{"id":288,"date":"2016-10-03T14:10:06","date_gmt":"2016-10-03T11:10:06","guid":{"rendered":"http:\/\/kuljuntausta.com\/?page_id=288"},"modified":"2016-10-03T14:10:06","modified_gmt":"2016-10-03T11:10:06","slug":"elektronimusiikin-surinasta-tuli-arkipaivaa","status":"publish","type":"page","link":"http:\/\/kuljuntausta.com\/index.php\/elektronimusiikin-surinasta-tuli-arkipaivaa\/","title":{"rendered":"Elektronimusiikin surinasta tuli arkip\u00e4iv\u00e4\u00e4"},"content":{"rendered":"<hr \/>\n<div class=\"tsv3-c-common-article__container tsv3-c-common-article__container--main\">\n<header class=\"tsv3-c-common-article__textitem tsv3-c-common-article__textitem--otsikko\">\n<h1 class=\"otsikko\">Lauri Levola: Elektronimusiikin surinasta tuli arkip\u00e4iv\u00e4\u00e4<\/h1>\n<\/header>\n<div class=\"tsv3-c-common-article__container__top__attachment\">\n<div class=\"tsv3-c-common-article__attachment tsv3-c-common-article__attachment--inline tsv3-c-common-article__attachment--image\" data-attachment=\"k1073936201\">\n<div class=\"tsv3-c-common-article__attachment__link\"><img class=\"tsv3-c-common-article__attachment__link__previewimage\" src=\"http:\/\/www.ts.fi\/static\/content\/pic_5_1074291902_k1073936201_651.jpg\" alt=\"TS\/LEHTIKUVA \/ Ensio Ilmonen&amp;lt;br \/&amp;gt;Erkki Kurenniemi on suomalaisen elektronimusiikin pitk&amp;#228;j&amp;#228;nteisimpi&amp;#228; s&amp;#228;velt&amp;#228;ji&amp;#228;, joka my&amp;#246;s rakensi soittimia, muun muassa Dimi-syntetisaattoreiden sarjan.\" \/><\/div>\n<div class=\"tsv3-c-common-article__attachment__info\">\n<div class=\"tsv3-c-common-article__attachment__info__caption\">Erkki Kurenniemi on suomalaisen elektronimusiikin pitk\u00e4j\u00e4nteisimpi\u00e4 s\u00e4velt\u00e4ji\u00e4, joka my\u00f6s rakensi soittimia, muun muassa Dimi-syntetisaattoreiden sarjan.<\/div>\n<div class=\"tsv3-c-common-article__attachment__info__caption\"><\/div>\n<\/div>\n<\/div>\n<\/div>\n<div class=\"tsv3-c-common-article__container__middle__left\">\n<div class=\"tsv3-c-common-article__meta\">\n<h3 class=\"tsv3-c-common-article__meta__row1\"><span class=\"tsv3-c-common-article__meta__separator\">|<\/span>\u00a0 <time title=\"29.6.2008 2:31\" datetime=\"2008-06-29 02:31+03:00\">29.6.2008 2:31<\/time> <span class=\"tsv3-c-common-article__meta__separator\">|<\/span>\u00a0<span class=\"js-tsv3-c-common-article__meta__messagecount tsv3-c-common-article__meta__messagecount\"><span class=\"tsv3-c-common-article__meta__publisher\">Turun Sanomat<\/span> <span class=\"tsv3-c-common-article__meta__separator\">|<\/span><\/span><\/h3>\n<\/div>\n<\/div>\n<div class=\"tsv3-c-common-article__container__middle\">\n<h5 class=\"teksti\"><\/h5>\n<h5 class=\"teksti\">&#8211;\u00a0Elektronimusiikki on j\u00e4tetty suomalaisen musiikinhistorian &#8220;ison tarinan&#8221; ulkopuolelle. Se on s\u00e4\u00e4li, sill\u00e4 se on yksi harvoista todella alkuper\u00e4isist\u00e4 kehitysteist\u00e4 1900-luvun l\u00e4nsimaisessa musiikissa. Se mullisti musiikin traditiota aina sanastosta, instrumenteista ja s\u00e4vellysty\u00f6st\u00e4 l\u00e4htien, <b>Petri Kuljuntausta<\/b> toteaa.<\/h5>\n<h5 class=\"teksti\">Helsinkil\u00e4isen Kuljuntaustan musiikkitieteen v\u00e4it\u00f6skirjan tarkastustilaisuus pidettiin eilen Jyv\u00e4skyl\u00e4n yliopistolla. <i>First Wave. A Microhistory of Finnish Electronic Music<\/i> on ensimm\u00e4inen v\u00e4it\u00f6stutkimus suomalaisen elektronimusiikin historiasta. Like on julkaissut englanninkielisen v\u00e4it\u00f6skirjan, joten ulkomaillakin p\u00e4\u00e4st\u00e4\u00e4n suomalaisen s\u00e4hk\u00f6musiikin alkutaipaleelle.<\/h5>\n<h5 class=\"teksti\">Kuljuntausta on aikaisemmin k\u00e4sitellyt \u00e4\u00e4nitaidetta Liken julkaisemissa teoksissa <i>\u00c4\u00e4nen eXtreme<\/i> (2006) ja <i>ON\/OFF &#8211;\u00a0eetteri\u00e4\u00e4nist\u00e4 s\u00e4hk\u00f6musiikkiin<\/i> (2002), joka on suomalaisen elektronimusiikin historiikki<\/h5>\n<h5 class=\"teksti\">&#8211; Tein vuonna 1999 Ylelle ohjelmaa suomalaisesta elektronimusiikista ja yll\u00e4tyin millaista materiaalia meill\u00e4 on tehty, ja ihmettelin, miksi siit\u00e4 ei ole kirjoitettu. <i>ON\/OFF<\/i> on haastatteluihin ja arkistomateriaaliin perustuva kronologinen kartoitusty\u00f6, johon toivoin my\u00f6s tutkijoiden tarttuvan. Silloin en viel\u00e4 ajatellut, ett\u00e4 tulisin v\u00e4ittelem\u00e4\u00e4n aiheesta itse.<\/h5>\n<h5 class=\"valiotsikko\"><strong>Ensimm\u00e4isen aallon harja ja pohja<\/strong><\/h5>\n<h5 class=\"teksti\">Kuljuntaustan mikrohistoriallinen tutkimus selvitt\u00e4\u00e4 suomalaisen elektronimusiikin varhaisvuosia sivuten maailman suuntauksia ja tyylisuunnan vaikutuksia musiikin alaan.<\/h5>\n<h5 class=\"teksti\">&#8211;\u00a0Suhde instrumentteihin oli uudenlainen, eik\u00e4 s\u00e4velt\u00e4j\u00e4\u00e4 en\u00e4\u00e4 perinteisess\u00e4 mieless\u00e4 ollut. Musiikin traditio ja hierarkia muuttuivat; s\u00e4velt\u00e4j\u00e4 ei valmistanut partituureja tulkitsijalle, vaan p\u00e4\u00e4si suoraan \u00e4\u00e4neen kiinni valmistamaan lopullista teosta.<\/h5>\n<h5 class=\"teksti\">Kuljuntausta on haastatellut 1950-1960-luvun elektronimusiikin pioneereista muun muassa <b>Erkki Kurennieme\u00e4<\/b> , <b>Henrik Otto Donneria<\/b> , <b>M.A.Nummista<\/b> , <b>Kari Rydmania<\/b> , <b>Ilkka Kuusistoa<\/b> ja <b>Seppo Mustosta<\/b> . S\u00e4velt\u00e4j\u00e4t seurasivat tiiviisti aikansa virtauksia, ja avantgardistisen s\u00e4veltaiteen auktoriteetit <b>Karlheinz Stockhausen<\/b> ja <b>John Cage<\/b> vierailivat usein Suomessa. Suomalaiset kulkivat kuitenkin omia teit\u00e4\u00e4n eiv\u00e4tk\u00e4 v\u00e4litt\u00e4neet niink\u00e4\u00e4n kansainv\u00e4lisist\u00e4 vaikutteista.<\/h5>\n<h5 class=\"teksti\">&#8211;\u00a0Kuten italialaisen elektronimusiikin saralla, Suomessa ei ollut varsinaista johtohahmoja, niin kuin Stockhausen Keski-Euroopassa. \u00c4\u00e4nimaailmaltaan esimerkiksi Kurenniemen O <i>n-Off<\/i> sijoittuu l\u00e4hemm\u00e4ksi <b>Jimi Hendrixin<\/b> feedback-soittoa kuin Stockhausenin puolitieteellisi\u00e4 s\u00e4vellyksi\u00e4.<\/h5>\n<h5 class=\"teksti\">Helsingin yliopiston musiikkitieteen laitokselle elektronisen musiikin studion 1960-luvun alussa perustanut Kurenniemi on alan vision\u00e4\u00e4ri sek\u00e4 s\u00e4velt\u00e4j\u00e4n\u00e4 ett\u00e4 soitinrakentajana. H\u00e4n kehitti 1970-luvulla muun muassa visuaalisen signaalin \u00e4\u00e4neksi muuttavan Dimi-O:n ja Dimi-S:n eli &#8220;seksofonin&#8221;, jota nelj\u00e4 ihmist\u00e4 soitti koskettelemalla toisiaan.<\/h5>\n<h5 class=\"teksti\">&#8211;\u00a0Nuoret s\u00e4velt\u00e4j\u00e4t innostuivat elektronimusiikista. Se koettiin my\u00f6s vastaiskuna j\u00e4m\u00e4ht\u00e4nytt\u00e4 kulttuuria vastaan: sibeliaanisista vaikutteista pyrittiin eroon. Elektronimusiikki oli mediassa valtavasti esill\u00e4, ja konsertit t\u00e4yttyiv\u00e4t uteliaasta yleis\u00f6st\u00e4.<\/h5>\n<h5 class=\"teksti\">Musiikkiorganisaatiot eiv\u00e4t kuitenkaan olleet valmiita uudelle s\u00e4hk\u00f6iselle musiikille. \u00c4\u00e4nitteit\u00e4 ei julkaistu ja muutaman aktiivisen vuoden j\u00e4lkeen alkoi laskukausi.<\/h5>\n<h5 class=\"teksti\">&#8211; Vuosi 1964 oli taitekohta. S\u00e4velt\u00e4j\u00e4t eiv\u00e4t saaneet teoksiaan esiin, ja niiden tuottaminen oli my\u00f6s aikaa viev\u00e4\u00e4 ja vaikeaakin. Moni ryhtyi s\u00e4velt\u00e4m\u00e4\u00e4n jotakin muuta, aina klassisesta poppiin.<\/h5>\n<h5 class=\"teksti\">Elektronimusiikin uusi aika alkoi kuitenkin pian aallonpohjan j\u00e4lkeen, ja jo 1970-luvun alussa elektronis\u00e4velt\u00e4jille annettiin tilat Yleisradion kokeilustudiossa pitk\u00e4j\u00e4nteist\u00e4 ty\u00f6skentely\u00e4 varten.<\/h5>\n<h5 class=\"valiotsikko\"><strong>Kokeilu on sallittua ja suotavaa<\/strong><\/h5>\n<h5 class=\"teksti\">Kuljuntaustan tutkimus paljastaa, kuinka 1950-1960-luvulla luotiin pohja my\u00f6s \u00e4\u00e4nitaiteen uusille tyylilajeille, kuten \u00e4\u00e4niveistoksille, tietokonemusiikille, soiville objekteille ja rytmiselle teknomusiikille.<\/h5>\n<h5 class=\"teksti\">&#8211;\u00a0Elektronimusiikin elementit ovat nyky\u00e4\u00e4n hyvin yleisi\u00e4 aina pop-musiikista jopa folkkiin. Elektroniset surinat ja hurinat kuuluvat arkip\u00e4iv\u00e4\u00e4mme, ne ovat hyvin esill\u00e4 vaikkapa televisiomainoksissa.<\/h5>\n<h5 class=\"teksti\">Kuljuntausta sai vuonna 2005 taiteen valtionpalkinnon omasta ty\u00f6st\u00e4\u00e4n elektronisen musiikin saralla s\u00e4velt\u00e4j\u00e4n\u00e4 ja muusikkona. \u00c4\u00e4nitaiteilijana h\u00e4nt\u00e4 kiinnostaa musiikin suhde el\u00e4v\u00e4\u00e4n el\u00e4m\u00e4\u00e4n ja aikamme \u00e4\u00e4nien tallentaminen. Kuljuntausta on k\u00e4ytt\u00e4nyt \u00e4\u00e4nil\u00e4htein\u00e4\u00e4n muun muassa revontulien ja valaiden \u00e4\u00e4ni\u00e4.<\/h5>\n<h5 class=\"teksti\">&#8211;\u00a0Aikoinaan elektronimusiikki oli perinteisen kulttuurin kontekstin ulkopuolella. S\u00e4vellykset otettiin liian vakavasti eik\u00e4 edes ajateltu, ett\u00e4 ne ovat my\u00f6s kokeiluja. Kirurgi ei voi kokeilla, mutta s\u00e4velt\u00e4jille ja muusikoille se on sallittua ja suotavaa, Kuljuntausta sanoo.<\/h5>\n<div class=\"tsv3-c-common-article__attachmentslist g-clearfix\">\n<div class=\"tsv3-c-common-article__attachmentslist__media\">\n<h5 class=\"tsv3-c-common-article__attachment tsv3-c-common-article__attachment--notinline tsv3-c-common-article__attachment--image\" data-attachment=\"k1073936202\"><img class=\"tsv3-c-common-article__attachment__link__previewimage\" src=\"http:\/\/www.ts.fi\/static\/content\/pic_5_1074291902_k1073936202_480.jpg\" alt=\"TS\/Kimmo Brandt&amp;lt;br \/&amp;gt;Petri Kuljuntaustan v&amp;#228;it&amp;#246;stutkimus nostaa suomalaisen elektronimusiikin juuriltaan.\" \/><\/h5>\n<\/div>\n<\/div>\n<\/div>\n<\/div>\n<p><\/p>","protected":false},"excerpt":{"rendered":"<p>Lauri Levola: Elektronimusiikin surinasta tuli arkip\u00e4iv\u00e4\u00e4 Erkki Kurenniemi on suomalaisen elektronimusiikin pitk\u00e4j\u00e4nteisimpi\u00e4 s\u00e4velt\u00e4ji\u00e4, joka my\u00f6s rakensi soittimia, muun muassa Dimi-syntetisaattoreiden sarjan. |\u00a0 29.6.2008 2:31 |\u00a0Turun Sanomat | &#8211;\u00a0Elektronimusiikki on j\u00e4tetty suomalaisen musiikinhistorian &#8220;ison tarinan&#8221; ulkopuolelle. Se on s\u00e4\u00e4li, sill\u00e4 se on yksi harvoista todella alkuper\u00e4isist\u00e4 kehitysteist\u00e4 1900-luvun l\u00e4nsimaisessa musiikissa. Se mullisti musiikin traditiota aina sanastosta,&hellip;<\/p>\n","protected":false},"author":1,"featured_media":0,"parent":0,"menu_order":0,"comment_status":"closed","ping_status":"closed","template":"","meta":{"spay_email":""},"yoast_head":"<!-- This site is optimized with the Yoast SEO plugin v15.4 - https:\/\/yoast.com\/wordpress\/plugins\/seo\/ -->\n<title>Elektronimusiikin surinasta tuli arkip\u00e4iv\u00e4\u00e4 - Petri Kuljuntausta<\/title>\n<meta name=\"robots\" content=\"index, follow, max-snippet:-1, max-image-preview:large, max-video-preview:-1\" \/>\n<link rel=\"canonical\" href=\"https:\/\/kuljuntausta.com\/index.php\/elektronimusiikin-surinasta-tuli-arkipaivaa\/\" \/>\n<meta property=\"og:locale\" content=\"en_GB\" \/>\n<meta property=\"og:type\" content=\"article\" \/>\n<meta property=\"og:title\" content=\"Elektronimusiikin surinasta tuli arkip\u00e4iv\u00e4\u00e4 - Petri Kuljuntausta\" \/>\n<meta property=\"og:description\" content=\"Lauri Levola: Elektronimusiikin surinasta tuli arkip\u00e4iv\u00e4\u00e4 Erkki Kurenniemi on suomalaisen elektronimusiikin pitk\u00e4j\u00e4nteisimpi\u00e4 s\u00e4velt\u00e4ji\u00e4, joka my\u00f6s rakensi soittimia, muun muassa Dimi-syntetisaattoreiden sarjan. |\u00a0 29.6.2008 2:31 |\u00a0Turun Sanomat | &#8211;\u00a0Elektronimusiikki on j\u00e4tetty suomalaisen musiikinhistorian &#8220;ison tarinan&#8221; ulkopuolelle. Se on s\u00e4\u00e4li, sill\u00e4 se on yksi harvoista todella alkuper\u00e4isist\u00e4 kehitysteist\u00e4 1900-luvun l\u00e4nsimaisessa musiikissa. Se mullisti musiikin traditiota aina sanastosta,&hellip;\" \/>\n<meta property=\"og:url\" content=\"https:\/\/kuljuntausta.com\/index.php\/elektronimusiikin-surinasta-tuli-arkipaivaa\/\" \/>\n<meta property=\"og:site_name\" content=\"Petri Kuljuntausta\" \/>\n<meta property=\"og:image\" content=\"http:\/\/www.ts.fi\/static\/content\/pic_5_1074291902_k1073936201_651.jpg\" \/>\n<meta name=\"twitter:card\" content=\"summary\" \/>\n<meta name=\"twitter:label1\" content=\"Written by\">\n\t<meta name=\"twitter:data1\" content=\"PK13425-OVH\">\n\t<meta name=\"twitter:label2\" content=\"Estimated reading time\">\n\t<meta name=\"twitter:data2\" content=\"3 minutes\">\n<script type=\"application\/ld+json\" class=\"yoast-schema-graph\">{\"@context\":\"https:\/\/schema.org\",\"@graph\":[{\"@type\":\"WebSite\",\"@id\":\"https:\/\/kuljuntausta.com\/#website\",\"url\":\"https:\/\/kuljuntausta.com\/\",\"name\":\"Petri Kuljuntausta\",\"description\":\"\",\"potentialAction\":[{\"@type\":\"SearchAction\",\"target\":\"https:\/\/kuljuntausta.com\/?s={search_term_string}\",\"query-input\":\"required name=search_term_string\"}],\"inLanguage\":\"en-GB\"},{\"@type\":\"ImageObject\",\"@id\":\"https:\/\/kuljuntausta.com\/index.php\/elektronimusiikin-surinasta-tuli-arkipaivaa\/#primaryimage\",\"inLanguage\":\"en-GB\",\"url\":\"http:\/\/www.ts.fi\/static\/content\/pic_5_1074291902_k1073936201_651.jpg\"},{\"@type\":\"WebPage\",\"@id\":\"https:\/\/kuljuntausta.com\/index.php\/elektronimusiikin-surinasta-tuli-arkipaivaa\/#webpage\",\"url\":\"https:\/\/kuljuntausta.com\/index.php\/elektronimusiikin-surinasta-tuli-arkipaivaa\/\",\"name\":\"Elektronimusiikin surinasta tuli arkip\\u00e4iv\\u00e4\\u00e4 - Petri Kuljuntausta\",\"isPartOf\":{\"@id\":\"https:\/\/kuljuntausta.com\/#website\"},\"primaryImageOfPage\":{\"@id\":\"https:\/\/kuljuntausta.com\/index.php\/elektronimusiikin-surinasta-tuli-arkipaivaa\/#primaryimage\"},\"datePublished\":\"2016-10-03T11:10:06+00:00\",\"dateModified\":\"2016-10-03T11:10:06+00:00\",\"inLanguage\":\"en-GB\",\"potentialAction\":[{\"@type\":\"ReadAction\",\"target\":[\"https:\/\/kuljuntausta.com\/index.php\/elektronimusiikin-surinasta-tuli-arkipaivaa\/\"]}]}]}<\/script>\n<!-- \/ Yoast SEO plugin. -->","jetpack_sharing_enabled":true,"jetpack_shortlink":"https:\/\/wp.me\/P7UaIW-4E","_links":{"self":[{"href":"http:\/\/kuljuntausta.com\/index.php\/wp-json\/wp\/v2\/pages\/288"}],"collection":[{"href":"http:\/\/kuljuntausta.com\/index.php\/wp-json\/wp\/v2\/pages"}],"about":[{"href":"http:\/\/kuljuntausta.com\/index.php\/wp-json\/wp\/v2\/types\/page"}],"author":[{"embeddable":true,"href":"http:\/\/kuljuntausta.com\/index.php\/wp-json\/wp\/v2\/users\/1"}],"replies":[{"embeddable":true,"href":"http:\/\/kuljuntausta.com\/index.php\/wp-json\/wp\/v2\/comments?post=288"}],"version-history":[{"count":1,"href":"http:\/\/kuljuntausta.com\/index.php\/wp-json\/wp\/v2\/pages\/288\/revisions"}],"predecessor-version":[{"id":289,"href":"http:\/\/kuljuntausta.com\/index.php\/wp-json\/wp\/v2\/pages\/288\/revisions\/289"}],"wp:attachment":[{"href":"http:\/\/kuljuntausta.com\/index.php\/wp-json\/wp\/v2\/media?parent=288"}],"curies":[{"name":"wp","href":"https:\/\/api.w.org\/{rel}","templated":true}]}}