{"id":346,"date":"2017-01-16T18:23:46","date_gmt":"2017-01-16T15:23:46","guid":{"rendered":"http:\/\/kuljuntausta.com\/?page_id=346"},"modified":"2017-01-16T18:27:31","modified_gmt":"2017-01-16T15:27:31","slug":"spindriftin-musiikin-rekonstruktio","status":"publish","type":"page","link":"http:\/\/kuljuntausta.com\/index.php\/spindriftin-musiikin-rekonstruktio\/","title":{"rendered":"Huomioita tietokonefilmi Spindriftin (1966, Jan Bark &#8211; Erkki Kurenniemi) musiikin rekonstruoinnista"},"content":{"rendered":"<p>Kirjoittamani raportti k\u00e4sittelee tietokonefilmi Spindriftin musiikin uudelleen rakentamista. Alkuper\u00e4ist\u00e4 filmi\u00e4 tai musiikin masternauhaa ei ole en\u00e4\u00e4 olemassa, ne ovat h\u00e4vinneet Ruotsin yleisradio SVT:n arkistosta, joten elokuva rakennettin syksyll\u00e4 2013 uudestaan arkistoissa s\u00e4ilyneiden ty\u00f6nauhojen ja muistiinpanomerkint\u00f6jen pohjalta.<\/p>\n<p>Ty\u00f6t\u00e4 varten Ruotsista l\u00e4hetettiin kaikki Spindriftiin liittyv\u00e4t \u00e4\u00e4ninauhat ja Jan Barkin kirjoittamat muistiinpanot. N\u00e4iden pohjalta ryhdyin analysoimaan mink\u00e4lainen elokuvan musiikki oli ollut, mit\u00e4 aineistoa \u00e4\u00e4ninauhoilta oli k\u00e4ytetty filmiss\u00e4 ja miten ja miss\u00e4 j\u00e4rjestyksess\u00e4 aineisto oli liitetty yhteen. Selvitin mink\u00e4lainen \u00e4\u00e4nitekniikka ja monikanavanauhuri sessiossa oli k\u00e4yt\u00f6ss\u00e4. Haastattelin \u00e4\u00e4nityssessioon osallistuneita muusikoita (Bengt Berger ja Bengt Ernryd) ja soitin viel\u00e4 lopputuloksen heille jotta sain varmuuden siihen ett\u00e4 rekonstruktio noudattaa mahdollisimman pitk\u00e4lle alkuper\u00e4ist\u00e4 musiikkia. Uskon ett\u00e4 lopputulos on yli 90-prosenttisesti alkuper\u00e4isen mukainen.<\/p>\n<p>Spindriftin musiikki on ainutlaatuinen sekoitus intialaista musiikkia ja avantgardea. Vastaavaa ei ole aiemmin tehty. \u00c4\u00e4nityksen laatu oli h\u00e4mm\u00e4stytt\u00e4v\u00e4n korkea, musiikissa oli dynamiikkaa ja ajan nauhoituksille ominaiset suhinat, kohinat ja brummi olivat todella pieni\u00e4.<\/p>\n<p><a href=\"http:\/\/kuljuntausta.com\/wp-content\/uploads\/2017\/01\/Spindrift-musiikki-Petri-Kuljuntausta.pdf\">Spindrift-musiikki (Petri Kuljuntausta)<\/a><\/p>\n<p><\/p>","protected":false},"excerpt":{"rendered":"<p>Kirjoittamani raportti k\u00e4sittelee tietokonefilmi Spindriftin musiikin uudelleen rakentamista. Alkuper\u00e4ist\u00e4 filmi\u00e4 tai musiikin masternauhaa ei ole en\u00e4\u00e4 olemassa, ne ovat h\u00e4vinneet Ruotsin yleisradio SVT:n arkistosta, joten elokuva rakennettin syksyll\u00e4 2013 uudestaan arkistoissa s\u00e4ilyneiden ty\u00f6nauhojen ja muistiinpanomerkint\u00f6jen pohjalta. Ty\u00f6t\u00e4 varten Ruotsista l\u00e4hetettiin kaikki Spindriftiin liittyv\u00e4t \u00e4\u00e4ninauhat ja Jan Barkin kirjoittamat muistiinpanot. N\u00e4iden pohjalta ryhdyin analysoimaan mink\u00e4lainen elokuvan&hellip;<\/p>\n","protected":false},"author":1,"featured_media":0,"parent":0,"menu_order":0,"comment_status":"closed","ping_status":"closed","template":"","meta":{"spay_email":""},"yoast_head":"<!-- This site is optimized with the Yoast SEO plugin v15.4 - https:\/\/yoast.com\/wordpress\/plugins\/seo\/ -->\n<title>Huomioita tietokonefilmi Spindriftin (1966, Jan Bark - Erkki Kurenniemi) musiikin rekonstruoinnista - Petri Kuljuntausta<\/title>\n<meta name=\"robots\" content=\"index, follow, max-snippet:-1, max-image-preview:large, max-video-preview:-1\" \/>\n<link rel=\"canonical\" href=\"http:\/\/kuljuntausta.com\/index.php\/spindriftin-musiikin-rekonstruktio\/\" \/>\n<meta property=\"og:locale\" content=\"en_GB\" \/>\n<meta property=\"og:type\" content=\"article\" \/>\n<meta property=\"og:title\" content=\"Huomioita tietokonefilmi Spindriftin (1966, Jan Bark - Erkki Kurenniemi) musiikin rekonstruoinnista - Petri Kuljuntausta\" \/>\n<meta property=\"og:description\" content=\"Kirjoittamani raportti k\u00e4sittelee tietokonefilmi Spindriftin musiikin uudelleen rakentamista. Alkuper\u00e4ist\u00e4 filmi\u00e4 tai musiikin masternauhaa ei ole en\u00e4\u00e4 olemassa, ne ovat h\u00e4vinneet Ruotsin yleisradio SVT:n arkistosta, joten elokuva rakennettin syksyll\u00e4 2013 uudestaan arkistoissa s\u00e4ilyneiden ty\u00f6nauhojen ja muistiinpanomerkint\u00f6jen pohjalta. Ty\u00f6t\u00e4 varten Ruotsista l\u00e4hetettiin kaikki Spindriftiin liittyv\u00e4t \u00e4\u00e4ninauhat ja Jan Barkin kirjoittamat muistiinpanot. N\u00e4iden pohjalta ryhdyin analysoimaan mink\u00e4lainen elokuvan&hellip;\" \/>\n<meta property=\"og:url\" content=\"http:\/\/kuljuntausta.com\/index.php\/spindriftin-musiikin-rekonstruktio\/\" \/>\n<meta property=\"og:site_name\" content=\"Petri Kuljuntausta\" \/>\n<meta property=\"article:modified_time\" content=\"2017-01-16T15:27:31+00:00\" \/>\n<meta name=\"twitter:card\" content=\"summary\" \/>\n<meta name=\"twitter:label1\" content=\"Written by\">\n\t<meta name=\"twitter:data1\" content=\"PK13425-OVH\">\n\t<meta name=\"twitter:label2\" content=\"Estimated reading time\">\n\t<meta name=\"twitter:data2\" content=\"1 minute\">\n<script type=\"application\/ld+json\" class=\"yoast-schema-graph\">{\"@context\":\"https:\/\/schema.org\",\"@graph\":[{\"@type\":\"WebSite\",\"@id\":\"http:\/\/kuljuntausta.com\/#website\",\"url\":\"http:\/\/kuljuntausta.com\/\",\"name\":\"Petri Kuljuntausta\",\"description\":\"\",\"potentialAction\":[{\"@type\":\"SearchAction\",\"target\":\"http:\/\/kuljuntausta.com\/?s={search_term_string}\",\"query-input\":\"required name=search_term_string\"}],\"inLanguage\":\"en-GB\"},{\"@type\":\"WebPage\",\"@id\":\"http:\/\/kuljuntausta.com\/index.php\/spindriftin-musiikin-rekonstruktio\/#webpage\",\"url\":\"http:\/\/kuljuntausta.com\/index.php\/spindriftin-musiikin-rekonstruktio\/\",\"name\":\"Huomioita tietokonefilmi Spindriftin (1966, Jan Bark - Erkki Kurenniemi) musiikin rekonstruoinnista - Petri Kuljuntausta\",\"isPartOf\":{\"@id\":\"http:\/\/kuljuntausta.com\/#website\"},\"datePublished\":\"2017-01-16T15:23:46+00:00\",\"dateModified\":\"2017-01-16T15:27:31+00:00\",\"inLanguage\":\"en-GB\",\"potentialAction\":[{\"@type\":\"ReadAction\",\"target\":[\"http:\/\/kuljuntausta.com\/index.php\/spindriftin-musiikin-rekonstruktio\/\"]}]}]}<\/script>\n<!-- \/ Yoast SEO plugin. -->","jetpack_sharing_enabled":true,"jetpack_shortlink":"https:\/\/wp.me\/P7UaIW-5A","_links":{"self":[{"href":"http:\/\/kuljuntausta.com\/index.php\/wp-json\/wp\/v2\/pages\/346"}],"collection":[{"href":"http:\/\/kuljuntausta.com\/index.php\/wp-json\/wp\/v2\/pages"}],"about":[{"href":"http:\/\/kuljuntausta.com\/index.php\/wp-json\/wp\/v2\/types\/page"}],"author":[{"embeddable":true,"href":"http:\/\/kuljuntausta.com\/index.php\/wp-json\/wp\/v2\/users\/1"}],"replies":[{"embeddable":true,"href":"http:\/\/kuljuntausta.com\/index.php\/wp-json\/wp\/v2\/comments?post=346"}],"version-history":[{"count":2,"href":"http:\/\/kuljuntausta.com\/index.php\/wp-json\/wp\/v2\/pages\/346\/revisions"}],"predecessor-version":[{"id":350,"href":"http:\/\/kuljuntausta.com\/index.php\/wp-json\/wp\/v2\/pages\/346\/revisions\/350"}],"wp:attachment":[{"href":"http:\/\/kuljuntausta.com\/index.php\/wp-json\/wp\/v2\/media?parent=346"}],"curies":[{"name":"wp","href":"https:\/\/api.w.org\/{rel}","templated":true}]}}