{"id":52,"date":"2016-09-20T18:15:27","date_gmt":"2016-09-20T15:15:27","guid":{"rendered":"http:\/\/kuljuntausta.com\/?page_id=52"},"modified":"2016-09-20T20:28:05","modified_gmt":"2016-09-20T17:28:05","slug":"underwater-concerts","status":"publish","type":"page","link":"http:\/\/kuljuntausta.com\/index.php\/underwater-concerts\/","title":{"rendered":"Underwater Concerts"},"content":{"rendered":"<h3 class=\"mb32\">Petri Kuljuntausta also works with underwater soundscapes. In his underwater sound installations the source sounds are recorded in underwater environment by hydrophones, the sounds of installation are played back through underwater speakers and the audience experience the works by swimming and diving in water. As the ear doesn\u2019t work in water, the listening experience is tactical and is based on bone conduction. In the water concerts Kuljuntausta plays electric guitar, the sounds of fishes and other sea creatures that he also process live with his electronic instruments.<\/h3>\n<p>&nbsp;<\/p>\n<h4>The following documentation is from the Life Aquatic underwater event that was held at Rauma swimming hall in 2016.<\/h4>\n<p>&nbsp;<\/p>\n<p><a href=\"https:\/\/soundcloud.com\/petriear\/petri-kuljuntausta-life-aquatic\" target=\"_blank\">Listen <\/a>to Life Aquatic underwater sound installation.<\/p>\n<p><img loading=\"lazy\" class=\"alignnone size-medium wp-image-62\" src=\"http:\/\/kuljuntausta.com\/wp-content\/uploads\/2016\/09\/IMG_4046-300x200.jpg\" alt=\"img_4046\" width=\"300\" height=\"200\" \/><\/p>\n<p><span id=\"gmail-result_box\" class=\"gmail-\" lang=\"en\"><span class=\"gmail-\">A fascinating<\/span> <span class=\"gmail-\">and<\/span> unknown underwater world. The ecological balance of the Baltic Sea <span class=\"gmail-\">and inland waterways as <\/span><\/span><span id=\"gmail-result_box\" class=\"gmail-\" lang=\"en\"><span class=\"gmail-\">starting point <\/span><\/span><span id=\"gmail-result_box\" class=\"gmail-\" lang=\"en\"><span class=\"gmail-\">for <\/span><span class=\"gmail-\">art<\/span>. Life Aquatic, <\/span><span id=\"gmail-result_box\" class=\"gmail-short_text\" lang=\"en\"><span class=\"gmail-\">the total<\/span> <span class=\"gmail-\">work of art,<\/span><\/span><span id=\"gmail-result_box\" class=\"gmail-\" lang=\"en\"> <\/span><span id=\"gmail-result_box\" class=\"gmail-\" lang=\"en\">unifying <\/span><span id=\"gmail-result_box\" class=\"gmail-\" lang=\"en\">experimentally different forms of art, took over the Rauma swimming pool from 17 to 20 of August, 2016.<\/span><span id=\"gmail-result_box\" class=\"gmail-\" lang=\"en\"> Life Aquatic consists of underwater acoustic landscapes, <\/span><span id=\"gmail-result_box\" class=\"gmail-\" lang=\"en\">live concerts that could be be experienced <\/span><span id=\"gmail-result_box\" class=\"gmail-\" lang=\"en\">live underwater, and <\/span><span id=\"gmail-result_box\" class=\"gmail-\" lang=\"en\">visual installation <\/span><span id=\"gmail-result_box\" class=\"gmail-\" lang=\"en\">that unified sculptures and aquatic wildlife. The indoor swimming pool offered experiencies for both underwater and on top of the water from morning to night. In the evening concerts <\/span><span id=\"gmail-result_box\" class=\"gmail-\" lang=\"en\">the musicians from <\/span><span id=\"gmail-result_box\" class=\"gmail-\" lang=\"en\">Helsinki and Rauma performed<\/span><span id=\"gmail-result_box\" class=\"gmail-\" lang=\"en\"> <\/span><span id=\"gmail-result_box\" class=\"gmail-\" lang=\"en\">live music programme, which was <\/span><span id=\"gmail-result_box\" class=\"gmail-\" lang=\"en\">related to water.<\/span><\/p>\n<div id=\"attachment_33\" style=\"width: 310px\" class=\"wp-caption alignnone\"><img aria-describedby=\"caption-attachment-33\" loading=\"lazy\" class=\"size-medium wp-image-33\" src=\"http:\/\/kuljuntausta.com\/wp-content\/uploads\/2016\/09\/MG_6485_3-300x200.jpg\" alt=\"LIFE AQUATIC Kiehtova ja tuntematon vedenalainen maailma. It\u00e4meren ja sis\u00e4vesien ekologinen tasapaino taiteen l\u00e4ht\u00f6kohtana. Eri taiteen muotoja kokeellisesti yhdist\u00e4v\u00e4 Life Aquatic \u2013teoskokonaisuus ottaa haltuun Rauman uimahallin 17.-20.8.2016. Life Aquatic koostuu vedenalaisista \u00e4\u00e4nimaisemista, veden alla koettavista livekonserteista ja uima-altaaseen toteutettavasta veistotaidetta ja el\u00e4v\u00e4\u00e4 vesiluontoa yhdist\u00e4v\u00e4st\u00e4 visuaalisesta installaatiosta. Uimahalli tarjoaa el\u00e4myksi\u00e4 niin veden alla kuin veden p\u00e4\u00e4ll\u00e4 aamusta iltaan. Iltakonserteissa on my\u00f6s livemusiikkia, mukana muusikoita sek\u00e4 Raumalta ett\u00e4 Helsingist\u00e4.\" width=\"300\" height=\"200\" \/><p id=\"caption-attachment-33\" class=\"wp-caption-text\">LIFE AQUATIC<br \/>Kiehtova ja tuntematon vedenalainen maailma. It\u00e4meren ja sis\u00e4vesien ekologinen tasapaino taiteen l\u00e4ht\u00f6kohtana.<br \/>Eri taiteen muotoja kokeellisesti yhdist\u00e4v\u00e4 Life Aquatic \u2013teoskokonaisuus ottaa haltuun Rauman uimahallin 17.-20.8.2016.<br \/>Life Aquatic koostuu vedenalaisista \u00e4\u00e4nimaisemista, veden alla koettavista livekonserteista ja uima-altaaseen toteutettavasta veistotaidetta ja el\u00e4v\u00e4\u00e4 vesiluontoa yhdist\u00e4v\u00e4st\u00e4 visuaalisesta installaatiosta. Uimahalli tarjoaa el\u00e4myksi\u00e4 niin veden alla kuin veden p\u00e4\u00e4ll\u00e4 aamusta iltaan. Iltakonserteissa on my\u00f6s livemusiikkia, mukana muusikoita sek\u00e4 Raumalta ett\u00e4 Helsingist\u00e4.<\/p><\/div>\n<p><img loading=\"lazy\" class=\"size-medium wp-image-53\" src=\"http:\/\/kuljuntausta.com\/wp-content\/uploads\/2016\/09\/MG_6496-300x200.jpg\" alt=\"LIFE AQUATIC Kiehtova ja tuntematon vedenalainen maailma. It\u00e4meren ja sis\u00e4vesien ekologinen tasapaino taiteen l\u00e4ht\u00f6kohtana. Eri taiteen muotoja kokeellisesti yhdist\u00e4v\u00e4 Life Aquatic \u2013teoskokonaisuus ottaa haltuun Rauman uimahallin 17.-20.8.2016. Life Aquatic koostuu vedenalaisista \u00e4\u00e4nimaisemista, veden alla koettavista livekonserteista ja uima-altaaseen toteutettavasta veistotaidetta ja el\u00e4v\u00e4\u00e4 vesiluontoa yhdist\u00e4v\u00e4st\u00e4 visuaalisesta installaatiosta. Uimahalli tarjoaa el\u00e4myksi\u00e4 niin veden alla kuin veden p\u00e4\u00e4ll\u00e4 aamusta iltaan. Iltakonserteissa on my\u00f6s livemusiikkia, mukana muusikoita sek\u00e4 Raumalta ett\u00e4 Helsingist\u00e4.\" width=\"300\" height=\"200\" \/><\/p>\n<p><img loading=\"lazy\" class=\"size-medium wp-image-54\" src=\"http:\/\/kuljuntausta.com\/wp-content\/uploads\/2016\/09\/MG_6928-300x200.jpg\" alt=\"LIFE AQUATIC Petri Kuljuntausta, s\u00e4hk\u00f6kitara, vedenalaiset \u00e4\u00e4net, laptop Kiehtova ja tuntematon vedenalainen maailma. It\u00e4meren ja sis\u00e4vesien ekologinen tasapaino taiteen l\u00e4ht\u00f6kohtana. Eri taiteen muotoja kokeellisesti yhdist\u00e4v\u00e4 Life Aquatic \u2013teoskokonaisuus ottaa haltuun Rauman uimahallin 17.-20.8.2016. Life Aquatic koostuu vedenalaisista \u00e4\u00e4nimaisemista, veden alla koettavista livekonserteista ja uima-altaaseen toteutettavasta veistotaidetta ja el\u00e4v\u00e4\u00e4 vesiluontoa yhdist\u00e4v\u00e4st\u00e4 visuaalisesta installaatiosta. Uimahalli tarjoaa el\u00e4myksi\u00e4 niin veden alla kuin veden p\u00e4\u00e4ll\u00e4 aamusta iltaan. Iltakonserteissa on my\u00f6s livemusiikkia, mukana muusikoita sek\u00e4 Raumalta ett\u00e4 Helsingist\u00e4.\" width=\"300\" height=\"200\" \/><\/p>\n<div id=\"attachment_55\" style=\"width: 310px\" class=\"wp-caption alignnone\"><img aria-describedby=\"caption-attachment-55\" loading=\"lazy\" class=\"size-medium wp-image-55\" src=\"http:\/\/kuljuntausta.com\/wp-content\/uploads\/2016\/09\/MG_6937-300x200.jpg\" alt=\"LIFE AQUATIC Petri Kuljuntausta, s\u00e4hk\u00f6kitara, vedenalaiset \u00e4\u00e4net, laptop Kiehtova ja tuntematon vedenalainen maailma. It\u00e4meren ja sis\u00e4vesien ekologinen tasapaino taiteen l\u00e4ht\u00f6kohtana. Eri taiteen muotoja kokeellisesti yhdist\u00e4v\u00e4 Life Aquatic \u2013teoskokonaisuus ottaa haltuun Rauman uimahallin 17.-20.8.2016. Life Aquatic koostuu vedenalaisista \u00e4\u00e4nimaisemista, veden alla koettavista livekonserteista ja uima-altaaseen toteutettavasta veistotaidetta ja el\u00e4v\u00e4\u00e4 vesiluontoa yhdist\u00e4v\u00e4st\u00e4 visuaalisesta installaatiosta. Uimahalli tarjoaa el\u00e4myksi\u00e4 niin veden alla kuin veden p\u00e4\u00e4ll\u00e4 aamusta iltaan. Iltakonserteissa on my\u00f6s livemusiikkia, mukana muusikoita sek\u00e4 Raumalta ett\u00e4 Helsingist\u00e4.\" width=\"300\" height=\"200\" \/><p id=\"caption-attachment-55\" class=\"wp-caption-text\">LIFE AQUATIC<br \/>Petri Kuljuntausta, electric guitar, underwater\u00a0 sounds, laptop, iPad<\/p>\n<p><\/p><\/div>\n<div id=\"attachment_56\" style=\"width: 310px\" class=\"wp-caption alignnone\"><img aria-describedby=\"caption-attachment-56\" loading=\"lazy\" class=\"size-medium wp-image-56\" src=\"http:\/\/kuljuntausta.com\/wp-content\/uploads\/2016\/09\/MG_7464-300x200.jpg\" alt=\"LIFE AQUATIC Konsertin p\u00e4\u00e4t\u00f6snumeron yhteisesiintyminen: Petri Kuljuntausta, Jarno Tikka, Takku Ylinen &amp; Ville Eriksson. Kiehtova ja tuntematon vedenalainen maailma. It\u00e4meren ja sis\u00e4vesien ekologinen tasapaino taiteen l\u00e4ht\u00f6kohtana. Eri taiteen muotoja kokeellisesti yhdist\u00e4v\u00e4 Life Aquatic \u2013teoskokonaisuus ottaa haltuun Rauman uimahallin 17.-20.8.2016. Life Aquatic koostuu vedenalaisista \u00e4\u00e4nimaisemista, veden alla koettavista livekonserteista ja uima-altaaseen toteutettavasta veistotaidetta ja el\u00e4v\u00e4\u00e4 vesiluontoa yhdist\u00e4v\u00e4st\u00e4 visuaalisesta installaatiosta. Uimahalli tarjoaa el\u00e4myksi\u00e4 niin veden alla kuin veden p\u00e4\u00e4ll\u00e4 aamusta iltaan. Iltakonserteissa on my\u00f6s livemusiikkia, mukana muusikoita sek\u00e4 Raumalta ett\u00e4 Helsingist\u00e4.\" width=\"300\" height=\"200\" \/><p id=\"caption-attachment-56\" class=\"wp-caption-text\">LIFE AQUATIC<br \/>At the end of the event, Kuljuntausta invited all musicians on stage to create music together: Petri Kuljuntausta, Jarno Tikka, Takku Ylinen &amp; Ville Eriksson.<\/p>\n<p><\/p><\/div>\n<p>&nbsp;<\/p>\n<p>&nbsp;<\/p>\n<p><\/p>","protected":false},"excerpt":{"rendered":"<p>Petri Kuljuntausta also works with underwater soundscapes. In his underwater sound installations the source sounds are recorded in underwater environment by hydrophones, the sounds of installation are played back through underwater speakers and the audience experience the works by swimming and diving in water. As the ear doesn\u2019t work in water, the listening experience is&hellip;<\/p>\n","protected":false},"author":1,"featured_media":0,"parent":0,"menu_order":0,"comment_status":"closed","ping_status":"closed","template":"","meta":{"spay_email":""},"yoast_head":"<!-- This site is optimized with the Yoast SEO plugin v15.4 - https:\/\/yoast.com\/wordpress\/plugins\/seo\/ -->\n<title>Underwater Concerts - Petri Kuljuntausta<\/title>\n<meta name=\"robots\" content=\"index, follow, max-snippet:-1, max-image-preview:large, max-video-preview:-1\" \/>\n<link rel=\"canonical\" href=\"http:\/\/kuljuntausta.com\/index.php\/underwater-concerts\/\" \/>\n<meta property=\"og:locale\" content=\"en_GB\" \/>\n<meta property=\"og:type\" content=\"article\" \/>\n<meta property=\"og:title\" content=\"Underwater Concerts - Petri Kuljuntausta\" \/>\n<meta property=\"og:description\" content=\"Petri Kuljuntausta also works with underwater soundscapes. In his underwater sound installations the source sounds are recorded in underwater environment by hydrophones, the sounds of installation are played back through underwater speakers and the audience experience the works by swimming and diving in water. As the ear doesn\u2019t work in water, the listening experience is&hellip;\" \/>\n<meta property=\"og:url\" content=\"http:\/\/kuljuntausta.com\/index.php\/underwater-concerts\/\" \/>\n<meta property=\"og:site_name\" content=\"Petri Kuljuntausta\" \/>\n<meta property=\"article:modified_time\" content=\"2016-09-20T17:28:05+00:00\" \/>\n<meta property=\"og:image\" content=\"http:\/\/kuljuntausta.com\/wp-content\/uploads\/2016\/09\/IMG_4046-300x200.jpg\" \/>\n<meta name=\"twitter:card\" content=\"summary\" \/>\n<meta name=\"twitter:label1\" content=\"Written by\">\n\t<meta name=\"twitter:data1\" content=\"PK13425-OVH\">\n\t<meta name=\"twitter:label2\" content=\"Estimated reading time\">\n\t<meta name=\"twitter:data2\" content=\"1 minute\">\n<script type=\"application\/ld+json\" class=\"yoast-schema-graph\">{\"@context\":\"https:\/\/schema.org\",\"@graph\":[{\"@type\":\"WebSite\",\"@id\":\"http:\/\/kuljuntausta.com\/#website\",\"url\":\"http:\/\/kuljuntausta.com\/\",\"name\":\"Petri Kuljuntausta\",\"description\":\"\",\"potentialAction\":[{\"@type\":\"SearchAction\",\"target\":\"http:\/\/kuljuntausta.com\/?s={search_term_string}\",\"query-input\":\"required name=search_term_string\"}],\"inLanguage\":\"en-GB\"},{\"@type\":\"ImageObject\",\"@id\":\"http:\/\/kuljuntausta.com\/index.php\/underwater-concerts\/#primaryimage\",\"inLanguage\":\"en-GB\",\"url\":\"http:\/\/kuljuntausta.com\/wp-content\/uploads\/2016\/09\/IMG_4046.jpg\",\"width\":3456,\"height\":2304},{\"@type\":\"WebPage\",\"@id\":\"http:\/\/kuljuntausta.com\/index.php\/underwater-concerts\/#webpage\",\"url\":\"http:\/\/kuljuntausta.com\/index.php\/underwater-concerts\/\",\"name\":\"Underwater Concerts - Petri Kuljuntausta\",\"isPartOf\":{\"@id\":\"http:\/\/kuljuntausta.com\/#website\"},\"primaryImageOfPage\":{\"@id\":\"http:\/\/kuljuntausta.com\/index.php\/underwater-concerts\/#primaryimage\"},\"datePublished\":\"2016-09-20T15:15:27+00:00\",\"dateModified\":\"2016-09-20T17:28:05+00:00\",\"inLanguage\":\"en-GB\",\"potentialAction\":[{\"@type\":\"ReadAction\",\"target\":[\"http:\/\/kuljuntausta.com\/index.php\/underwater-concerts\/\"]}]}]}<\/script>\n<!-- \/ Yoast SEO plugin. -->","jetpack_sharing_enabled":true,"jetpack_shortlink":"https:\/\/wp.me\/P7UaIW-Q","_links":{"self":[{"href":"http:\/\/kuljuntausta.com\/index.php\/wp-json\/wp\/v2\/pages\/52"}],"collection":[{"href":"http:\/\/kuljuntausta.com\/index.php\/wp-json\/wp\/v2\/pages"}],"about":[{"href":"http:\/\/kuljuntausta.com\/index.php\/wp-json\/wp\/v2\/types\/page"}],"author":[{"embeddable":true,"href":"http:\/\/kuljuntausta.com\/index.php\/wp-json\/wp\/v2\/users\/1"}],"replies":[{"embeddable":true,"href":"http:\/\/kuljuntausta.com\/index.php\/wp-json\/wp\/v2\/comments?post=52"}],"version-history":[{"count":5,"href":"http:\/\/kuljuntausta.com\/index.php\/wp-json\/wp\/v2\/pages\/52\/revisions"}],"predecessor-version":[{"id":63,"href":"http:\/\/kuljuntausta.com\/index.php\/wp-json\/wp\/v2\/pages\/52\/revisions\/63"}],"wp:attachment":[{"href":"http:\/\/kuljuntausta.com\/index.php\/wp-json\/wp\/v2\/media?parent=52"}],"curies":[{"name":"wp","href":"https:\/\/api.w.org\/{rel}","templated":true}]}}