{"id":853,"date":"2018-05-13T22:23:49","date_gmt":"2018-05-13T19:23:49","guid":{"rendered":"http:\/\/kuljuntausta.com\/?page_id=853"},"modified":"2018-05-13T22:33:40","modified_gmt":"2018-05-13T19:33:40","slug":"petri-kuljuntausta-interview-by-elisa-harma","status":"publish","type":"page","link":"http:\/\/kuljuntausta.com\/index.php\/petri-kuljuntausta-interview-by-elisa-harma\/","title":{"rendered":"Petri Kuljuntausta interview by Elisa H\u00e4rm\u00e4"},"content":{"rendered":"<h4>May 11, 2018<\/h4>\n<p>&nbsp;<\/p>\n<p><b>Mik\u00e4 Sinua kiinnostaa \u00e4\u00e4nitaiteessa?<\/b><\/p>\n<p>\u00c4\u00e4nitaiteessa minua kiinnostaa &#8212; ja h\u00e4mm\u00e4stytt\u00e4\u00e4 &#8212; erityisesti se miten erilaisia tulokulmia \u00e4\u00e4neen voi olla ja miten erilaisia taideteoksia \u00e4\u00e4nest\u00e4 voidaan tehd\u00e4. \u00c4\u00e4nitaiteen kentt\u00e4 on aina ollut laaja ja l\u00e4hestymistavat hyvin erilaisia. Itse\u00e4ni kiinnostaa installaatiomaiset teokset. Sen sijaan tilaan viety pelkk\u00e4 \u00e4\u00e4niraita alkaa jo tuntua jotenkin &#8216;laiskalta&#8217; toteutustavalta, kun monet tekev\u00e4t t\u00e4n\u00e4 p\u00e4iv\u00e4n\u00e4 jo niin haasteellisia tilallisia toteutuksia. Oli toteutustapa mik\u00e4 tahansa, parasta on se kun teokset yll\u00e4tt\u00e4v\u00e4t. Jossakin tapauksessa teoksen l\u00e4ht\u00f6kohtana voi olla vanhan elektroniikan kierr\u00e4tys tai circuit bending, toisessa konseptuaaliset ajatukset, kolmannessa veistosmaisuus ja jossain muussa instrumentteina ovat sensorit ja tietokone. Eli \u00e4\u00e4nipohjaisia teoksia tehd\u00e4\u00e4n hyvin erilaisista l\u00e4ht\u00f6kohdista k\u00e4sin ja n\u00e4in se pit\u00e4\u00e4 ollakin. Kent\u00e4n monimuotoisuutta tulee vaalia. Esteettisten mahdollisuuksien pit\u00e4\u00e4 olla auki moneen suuntaan. Itsell\u00e4ni ei ole suosikkeja. Aina vain parempi jos t\u00e4ysin tuntematon uusi tekij\u00e4 tekee teoksen joka vaikuttaa minuun. \u00c4\u00e4nitaiteessa ei onneksi ole suuria maailmant\u00e4hti\u00e4 kuten perinteisiss\u00e4 taiteenlajeissa. Taiteen lieveilmi\u00f6t eiv\u00e4t ole \u00e4\u00e4nitaiteen kent\u00e4ll\u00e4 riesana vaan monet tekij\u00e4t ovat maanl\u00e4heisi\u00e4 puurtajia joita kiinnostaa itse asia eli taide.<\/p>\n<p>&nbsp;<\/p>\n<p><b>Mit\u00e4 \u00e4\u00e4nitaide Sinulle on?<\/b><\/p>\n<p>\u00c4\u00e4nitaiteen l\u00e4ht\u00f6kohtana tulee olla \u00e4\u00e4ni: \u00e4\u00e4nitaide on \u00e4\u00e4nest\u00e4 tehty\u00e4 taidetta. Ehk\u00e4 viel\u00e4 paremmin \u00e4\u00e4nitaiteen idean voisi kiteytt\u00e4\u00e4 toteamalla ett\u00e4 \u00e4\u00e4nitaiteen p\u00e4\u00e4m\u00e4\u00e4r\u00e4n\u00e4 on tuottaa esteettinen \u00e4\u00e4ni. Monessa muussakin taiteessa tuotetaan \u00e4\u00e4nt\u00e4 mutta \u00e4\u00e4nitaiteessa \u00e4\u00e4ni itsess\u00e4\u00e4n on fokuksessa. Musiikissa sen sijaan keskityt\u00e4\u00e4n yhdist\u00e4m\u00e4\u00e4n &#8212; komponoimaan &#8212; s\u00e4veli\u00e4 ja \u00e4\u00e4ni\u00e4 tois\u200bii\u200bnsa ja n\u00e4iden suhde on usein hierarkinen, \u00e4\u00e4ni on \u200brakenteen osanen\u200b. Esitt\u00e4v\u00e4ss\u00e4 runoudessa tuotetaan sanoja jotka kantavat ensisijaisesti muita merkityksi\u00e4. Mutta toisinaan kuulen musiikkia ja runoutta jossa l\u00e4hestyt\u00e4\u00e4n \u00e4\u00e4nitaidetta. Silloin tuotetaan \u00e4\u00e4ni\u00e4, jotka ovat vapaita perinteisen ilmaisun kahleista. Aika usein olen viime aikoina t\u00f6rm\u00e4nnyt sellaiseen ajatukseen ett\u00e4 \u00e4\u00e4nitaide olisi galleriataidetta. Mielest\u00e4ni \u00e4\u00e4nitaidetta tehd\u00e4\u00e4n my\u00f6s esitt\u00e4v\u00e4n taiteen kent\u00e4ll\u00e4. Akusmatassa on usein ohjelmassa my\u00f6s esitt\u00e4v\u00e4\u00e4 \u00e4\u00e4nitaidetta.<\/p>\n<div class=\"gmail_default\">\u200b<b>\u200b<\/b><\/div>\n<p><b>Onko \u00e4\u00e4nitaiteessa havaittavissa ajankohtaisia ilmi\u00f6it\u00e4, ja jos on, mit\u00e4 ne juuri nyt ovat?<\/b><\/p>\n<p>Mahtavinta on ollut huomata naistekij\u00f6iden runsaus. Olen pitk\u00e4\u00e4n ihmetellyt miss\u00e4 he ovat, mutta viime vuosina on tapahtunut selv\u00e4 muutos. Videotaiteessahan on jo pitk\u00e4\u00e4n naistaiteilijat olleet suunnan n\u00e4ytt\u00e4ji\u00e4.<\/p>\n<p>Esteettisten mahdollisuuksien monipuolisuus on my\u00f6s piirre joka on tyypilllist\u00e4 ajallemme. My\u00f6s omien soittimien rakentaminen on tavallisempaa t\u00e4n\u00e4 p\u00e4iv\u00e4n\u00e4. Teknologian kehitys, sen halventuminen ja yleistyminen on osaltaan vaikuttanut t\u00e4h\u00e4n: kaikkea on saatavilla ja sopuhintaan jos vain on kiinnostusta tutkia ja kokeilla. Kentt\u00e4 on siis muuttunut paljon kymmeness\u00e4 vuodessa. My\u00f6s tekij\u00f6iden m\u00e4\u00e4r\u00e4 on kasvanut huimasti. 1990-luvulla pystyin nime\u00e4m\u00e4\u00e4n jokaisen joka Suomessa teki jotain kokeelliseen \u00e4\u00e4ni-ilmaisuun liittyv\u00e4\u00e4. Nyky\u00e4\u00e4n se on mahdotonta, tekij\u00f6it\u00e4 on niin paljon. \u00c4\u00e4nitaiteen nousun rinnalla \u00e4\u00e4ni on tullut j\u00e4\u00e4d\u00e4kseen galleria- ja museohankkeisiin. Eri alueiden taiteilijat tiedostavat \u00e4\u00e4nen ilmaisumahdollisuudet nyt entist\u00e4 paremmin ja kokeilevat \u00e4\u00e4nell\u00e4.<\/p>\n<div class=\"gmail_default\">\u200b<b>\u200b<\/b><\/div>\n<p><b>Mink\u00e4laisena n\u00e4et \u00e4\u00e4nitaiteen t\u00e4m\u00e4n hetkisen tilanteen?<\/b><\/p>\n<p>Kent\u00e4ll\u00e4 tapahtuu todella \u200bpaljon. \u00c4\u00e4nitaidehankkeet saavat t\u00e4n\u00e4 p\u00e4iv\u00e4n\u00e4 \u200btukea s\u00e4\u00e4ti\u00f6ilt\u00e4 ja rahastoilta ja Taike huomioi kent\u00e4n. On paikkoja joissa esitt\u00e4\u00e4 installaatioita ja konsertoida, konserttitoiminta on aktiivista ja \u00e4\u00e4niteoksia on esill\u00e4 n\u00e4yttelyiss\u00e4 varsin usein. Toimintaa on Etel\u00e4-Suomesta Lappiin. Yle huomioi kent\u00e4n liikkeit\u00e4 kohtuullisen hyvin, paperimedia on sen sijaan tipahtanut kelkasta eik\u00e4 seuraa alan kehityst\u00e4. Kriittist\u00e4 keskustelua meill\u00e4 on olemattoman v\u00e4h\u00e4n. Sosiaalisessa mediassa t\u00e4m\u00e4 puoli toisinaan nousee esiin mutta avointa ja kriittist\u00e4 arviointia tarvits\u200bis\u200bemme. Se auttaisi\u200b my\u00f6s taiteilijoita.<\/p>\n<div class=\"gmail_default\">\u200bTaiteilijakoulutukseen \u00e4\u00e4ni on tullut j\u00e4\u00e4d\u00e4kseen. Kun pid\u00e4n \u00e4\u00e4nitaiteen workshopeja keskustelemme historiallisista teoksista ja my\u00f6s kurssilaisten omista teoksista. \u200bKeskusteluilla on vaikutus sill\u00e4 aivan varmasti keskustelun kautta jokainen saa vinkkej\u00e4 uusista tekniikoista ja ty\u00f6v\u00e4lineist\u00e4 kun eri ihmiset jakavat tiet\u00e4myst\u00e4\u00e4n. My\u00f6s esteettinen ajattelu kehittyy. Ja ehk\u00e4 t\u00e4rkeimp\u00e4n\u00e4 teosajatukset kirkastuvat. Kokeneillekin taiteilijoille voi olla vaikeaa siisti\u00e4 ideastaan r\u00f6nsyt ja ylim\u00e4\u00e4r\u00e4iset pois ja l\u00f6yt\u00e4\u00e4 teoksen ydin. Rohkaisen aina pelkist\u00e4m\u00e4\u00e4n niin paljon kuin suinkin mahdollista. Sanoisin ett\u00e4 sekin on muuttunut ett\u00e4 siin\u00e4 kun aiemmin sain pit\u00e4\u00e4 pitki\u00e4 monologeja koska useimmiten kenell\u00e4k\u00e4\u00e4n ei ollut kommentoitavaa, niin viime vuosina keskustelemiseen ei ole en\u00e4\u00e4 tarvinnut rohkaista vaan se syntyy luonnostaan. T\u00e4m\u00e4 kertoo siit\u00e4 ett\u00e4 \u00e4\u00e4nitaide alkaa olla kaikille tuttu ilmi\u00f6 ja heill\u00e4 on n\u00e4kemyksi\u00e4 asiasta.<\/div>\n<div><\/div>\n<div><\/div>\n<div class=\"gmail_default\">\u200b<b>\u200b<\/b><\/div>\n<p><b>Miten l\u00f6yd\u00e4t Akusmataan artistit ja yhteisty\u00f6kumppanit?<\/b><\/p>\n<p>Yleens\u00e4 artistit ja yhteisty\u00f6kumppanit ottavat yhteytt\u00e4.<\/p>\n<p>&nbsp;<\/p>\n<p><b>Onko Akusmatalla tasainen k\u00e4vij\u00e4kunta? Liian v\u00e4h\u00e4inen tai suuri?<\/b><\/p>\n<p>K\u00e4vij\u00e4kunta on pysynyt suunnilleen samana alusta asti. K\u00e4vij\u00f6it\u00e4 on keskim\u00e4\u00e4rin juuri sopivasti Akusmatan kokoon n\u00e4hden. Vaihtuvuutta on k\u00e4vij\u00e4kunnassa toki ollut vuosien varrella. Joinain aikoina on tiettyj\u00e4 uskollisia vakiok\u00e4vij\u00f6it\u00e4, toisena aikajaksona taas toiset. On sellaisia ihmisi\u00e4 ketk\u00e4 k\u00e4yv\u00e4t katsastamassa ainoastaan tunnettuja tekij\u00e4nimi\u00e4, toiset taas hakevat yll\u00e4tyksi\u00e4 ja tulevat vaikkeivat tunne tekij\u00f6it\u00e4. Sitten on my\u00f6s se k\u00e4vij\u00e4segmentti joka k\u00e4y katsastamassa vain tutun kaverinsa projektin. Kivointa on kun Akusmatan l\u00f6yt\u00e4\u00e4 my\u00f6s ihmiset ketk\u00e4 tulevat taidepiirien ulkopuolelta. Joskus jopa musiikkilukio satojen kilometrien p\u00e4\u00e4st\u00e4 on tehnyt Akusmataan ekskursioita.<\/p>\n<p>Uskon ett\u00e4 Akusmata t\u00e4ytt\u00e4\u00e4 tietyn tarpeen Helsingiss\u00e4. Viime aikoina olen kuullut jo aika useasti Akusmatan artisteilta ett\u00e4 ilman Akusmataa kaupungin \u00e4\u00e4nitarjonta olisi k\u00f6yh\u00e4\u00e4.<\/p>\n<div class=\"gmail_default\"><\/div>\n<p><b>Millaisena toivoisit n\u00e4kev\u00e4si Akusmatan tulevaisuuden?<\/b><\/p>\n<p>Akusmatan tulevaisuus n\u00e4ytt\u00e4\u00e4 hyv\u00e4lt\u00e4. Installaatio- ja konserttiehdotuksia tippuu tasaiseen tahtiin ja projekteja tehd\u00e4\u00e4n sen mukaan kuin energiaa riitt\u00e4\u00e4, toimintahan py\u00f6rii talkooty\u00f6ll\u00e4. T\u00e4ht\u00e4imess\u00e4 on laajentaa toimintaa ja k\u00e4ynnist\u00e4\u00e4 rinnalle \u200bneli\u00f6ilt\u00e4\u00e4n \u200bisompi\u200b tila jossa on mahdollista j\u00e4rjest\u00e4\u00e4 isoja konsertteja, workshopeja, n\u00e4yttelyit\u00e4 jne. Hankkeen taakse on l\u00e4hd\u00f6ss\u00e4 \u200bjo\u200b kymmenkunta toimijaa Helsingist\u00e4, n\u00e4m\u00e4 ovat \u200byhdistyksi\u00e4 ja yksityisi\u00e4 konserttien j\u00e4rjest\u00e4ji\u00e4. He ovat mukana koska ovat my\u00f6s turhautuneita siihen ettei kaupungissa ole klubi\u200btilaa jossa voisi j\u00e4rjest\u00e4\u00e4 omia konsertteja joustavasti ja nopeasti reagoiden. Olen etsinyt t\u00e4llaista tilaa jo jonkin mutta sopivaa ei ole viel\u00e4 tullut vastaan.<\/p>\n<p>&nbsp;<\/p>\n<p><b>Mit\u00e4 vinkkej\u00e4 antaisit nuorelle aloittavalle \u00e4\u00e4nitaiteilijalle?<\/b><\/p>\n<p>Uskoa omaan itseens\u00e4 tarvitaan eik\u00e4 vastoink\u00e4ymisten pid\u00e4 antaa lannistaa. Me pitk\u00e4n matkan kulkeneet tied\u00e4mme ettei se helppoa ole. Pit\u00e4\u00e4 hyv\u00e4ksy\u00e4 se ettei apurahat aina juokse, hyvi\u00e4 hakijoita ja hakemuksia on paljon. Pit\u00e4\u00e4 luottaa siihen ett\u00e4 omakin vuoro tulee jossain vaiheessa. Taidetta pit\u00e4\u00e4 kuitenkin tehd\u00e4 taiteen vuoksi, ei apurahojen tai trendien takia. Itse\u00e4 pit\u00e4\u00e4 kouluttaa ja seurata aikaansa. Jos jaksaa puurtaa ja etsi\u00e4 omaa \u00e4\u00e4nt\u00e4ns\u00e4 niin se palkitaan jossain vaiheessa.<\/p>\n<p>&nbsp;<\/p>\n<p><b>Muuta mit\u00e4 haluaisit kertoa?<\/b><\/p>\n<p>\u00c4\u00e4nitaide on nyky\u00e4\u00e4n\u200b jo\u200b monen taidekoulun ohjelmassa ja opetusmetodit ovat kehitykse\u200bn alla. My\u00f6s alan \u200btut\u200bkimuskirjallisuus kasvaa huimaa vauhtia. Toivon ettei \u00e4\u00e4nitaiteen \u200bakatemisoitumisen my\u00f6t\u00e4 synny vakiintuneita \u200btekemisen tapoja jotka rajoittavat taiteilijan liikkumavaraa ja \u00e4\u00e4nien vapautta.<\/p>\n<p><\/p>","protected":false},"excerpt":{"rendered":"<p>May 11, 2018 &nbsp; Mik\u00e4 Sinua kiinnostaa \u00e4\u00e4nitaiteessa? \u00c4\u00e4nitaiteessa minua kiinnostaa &#8212; ja h\u00e4mm\u00e4stytt\u00e4\u00e4 &#8212; erityisesti se miten erilaisia tulokulmia \u00e4\u00e4neen voi olla ja miten erilaisia taideteoksia \u00e4\u00e4nest\u00e4 voidaan tehd\u00e4. \u00c4\u00e4nitaiteen kentt\u00e4 on aina ollut laaja ja l\u00e4hestymistavat hyvin erilaisia. Itse\u00e4ni kiinnostaa installaatiomaiset teokset. Sen sijaan tilaan viety pelkk\u00e4 \u00e4\u00e4niraita alkaa jo tuntua jotenkin &#8216;laiskalta&#8217;&hellip;<\/p>\n","protected":false},"author":1,"featured_media":0,"parent":0,"menu_order":0,"comment_status":"closed","ping_status":"closed","template":"","meta":{"spay_email":""},"yoast_head":"<!-- This site is optimized with the Yoast SEO plugin v15.4 - https:\/\/yoast.com\/wordpress\/plugins\/seo\/ -->\n<title>Petri Kuljuntausta interview by Elisa H\u00e4rm\u00e4 - Petri Kuljuntausta<\/title>\n<meta name=\"robots\" content=\"index, follow, max-snippet:-1, max-image-preview:large, max-video-preview:-1\" \/>\n<link rel=\"canonical\" href=\"http:\/\/kuljuntausta.com\/index.php\/petri-kuljuntausta-interview-by-elisa-harma\/\" \/>\n<meta property=\"og:locale\" content=\"en_GB\" \/>\n<meta property=\"og:type\" content=\"article\" \/>\n<meta property=\"og:title\" content=\"Petri Kuljuntausta interview by Elisa H\u00e4rm\u00e4 - Petri Kuljuntausta\" \/>\n<meta property=\"og:description\" content=\"May 11, 2018 &nbsp; Mik\u00e4 Sinua kiinnostaa \u00e4\u00e4nitaiteessa? \u00c4\u00e4nitaiteessa minua kiinnostaa &#8212; ja h\u00e4mm\u00e4stytt\u00e4\u00e4 &#8212; erityisesti se miten erilaisia tulokulmia \u00e4\u00e4neen voi olla ja miten erilaisia taideteoksia \u00e4\u00e4nest\u00e4 voidaan tehd\u00e4. \u00c4\u00e4nitaiteen kentt\u00e4 on aina ollut laaja ja l\u00e4hestymistavat hyvin erilaisia. Itse\u00e4ni kiinnostaa installaatiomaiset teokset. Sen sijaan tilaan viety pelkk\u00e4 \u00e4\u00e4niraita alkaa jo tuntua jotenkin &#8216;laiskalta&#8217;&hellip;\" \/>\n<meta property=\"og:url\" content=\"http:\/\/kuljuntausta.com\/index.php\/petri-kuljuntausta-interview-by-elisa-harma\/\" \/>\n<meta property=\"og:site_name\" content=\"Petri Kuljuntausta\" \/>\n<meta property=\"article:modified_time\" content=\"2018-05-13T19:33:40+00:00\" \/>\n<meta name=\"twitter:card\" content=\"summary\" \/>\n<meta name=\"twitter:label1\" content=\"Written by\">\n\t<meta name=\"twitter:data1\" content=\"PK13425-OVH\">\n\t<meta name=\"twitter:label2\" content=\"Estimated reading time\">\n\t<meta name=\"twitter:data2\" content=\"5 minutes\">\n<script type=\"application\/ld+json\" class=\"yoast-schema-graph\">{\"@context\":\"https:\/\/schema.org\",\"@graph\":[{\"@type\":\"WebSite\",\"@id\":\"https:\/\/kuljuntausta.com\/#website\",\"url\":\"https:\/\/kuljuntausta.com\/\",\"name\":\"Petri Kuljuntausta\",\"description\":\"\",\"potentialAction\":[{\"@type\":\"SearchAction\",\"target\":\"https:\/\/kuljuntausta.com\/?s={search_term_string}\",\"query-input\":\"required name=search_term_string\"}],\"inLanguage\":\"en-GB\"},{\"@type\":\"WebPage\",\"@id\":\"http:\/\/kuljuntausta.com\/index.php\/petri-kuljuntausta-interview-by-elisa-harma\/#webpage\",\"url\":\"http:\/\/kuljuntausta.com\/index.php\/petri-kuljuntausta-interview-by-elisa-harma\/\",\"name\":\"Petri Kuljuntausta interview by Elisa H\\u00e4rm\\u00e4 - Petri Kuljuntausta\",\"isPartOf\":{\"@id\":\"https:\/\/kuljuntausta.com\/#website\"},\"datePublished\":\"2018-05-13T19:23:49+00:00\",\"dateModified\":\"2018-05-13T19:33:40+00:00\",\"inLanguage\":\"en-GB\",\"potentialAction\":[{\"@type\":\"ReadAction\",\"target\":[\"http:\/\/kuljuntausta.com\/index.php\/petri-kuljuntausta-interview-by-elisa-harma\/\"]}]}]}<\/script>\n<!-- \/ Yoast SEO plugin. -->","jetpack_sharing_enabled":true,"jetpack_shortlink":"https:\/\/wp.me\/P7UaIW-dL","_links":{"self":[{"href":"http:\/\/kuljuntausta.com\/index.php\/wp-json\/wp\/v2\/pages\/853"}],"collection":[{"href":"http:\/\/kuljuntausta.com\/index.php\/wp-json\/wp\/v2\/pages"}],"about":[{"href":"http:\/\/kuljuntausta.com\/index.php\/wp-json\/wp\/v2\/types\/page"}],"author":[{"embeddable":true,"href":"http:\/\/kuljuntausta.com\/index.php\/wp-json\/wp\/v2\/users\/1"}],"replies":[{"embeddable":true,"href":"http:\/\/kuljuntausta.com\/index.php\/wp-json\/wp\/v2\/comments?post=853"}],"version-history":[{"count":2,"href":"http:\/\/kuljuntausta.com\/index.php\/wp-json\/wp\/v2\/pages\/853\/revisions"}],"predecessor-version":[{"id":857,"href":"http:\/\/kuljuntausta.com\/index.php\/wp-json\/wp\/v2\/pages\/853\/revisions\/857"}],"wp:attachment":[{"href":"http:\/\/kuljuntausta.com\/index.php\/wp-json\/wp\/v2\/media?parent=853"}],"curies":[{"name":"wp","href":"https:\/\/api.w.org\/{rel}","templated":true}]}}